{"id":1376,"date":"2025-04-18T01:54:23","date_gmt":"2025-04-17T23:54:23","guid":{"rendered":"https:\/\/www.regionalis.shop\/katharina-hagen-lebensfreude\/product\/traubenkernkissen\/"},"modified":"2025-04-18T01:54:23","modified_gmt":"2025-04-17T23:54:23","slug":"traubenkernkissen","status":"publish","type":"product","link":"https:\/\/www.regionalis.shop\/katharina-hagen-lebensfreude\/shop\/traubenkernkissen\/","title":{"rendered":"Traubenkernkissen"},"content":{"rendered":"<p>Gr\u00f6\u00dfe: 16 x 23 cm , F\u00fcllmenge Traubenkerne: 500 g<\/p>\n<p>Das Kissen kann im Backofen oder in der Mikrowelle erw\u00e4rmt werden. Es gibt die W\u00e4rme gezielt und langsam an den K\u00f6rper ab. Nach ein paar Stunden im Gefrierfach kann es auch als K\u00e4ltekompresse verwendet werden.<\/p>\n<p>Material: Baumwolle<\/p>\n","protected":false},"excerpt":{"rendered":"<p>Gr\u00f6\u00dfe: 16 x 23 cm , F\u00fcllmenge Traubenkerne: 500 g Das Kissen kann im Backofen oder in der Mikrowelle erw\u00e4rmt werden. Es gibt die W\u00e4rme gezielt und langsam an den K\u00f6rper ab. Nach ein paar Stunden im Gefrierfach kann es auch als K\u00e4ltekompresse verwendet werden. Material: Baumwolle<\/p>\n","protected":false},"featured_media":1377,"template":"","meta":{"_acf_changed":false},"product_brand":[],"product_cat":[41,53],"product_tag":[],"class_list":{"0":"post-1376","1":"product","2":"type-product","3":"status-publish","4":"has-post-thumbnail","6":"product_cat-freizeit-lifestyle","7":"product_cat-kraeuterkissen","9":"first","10":"instock","11":"purchasable","12":"product-type-simple"},"acf":[],"_links":{"self":[{"href":"https:\/\/www.regionalis.shop\/katharina-hagen-lebensfreude\/wp-json\/wp\/v2\/product\/1376","targetHints":{"allow":["GET"]}}],"collection":[{"href":"https:\/\/www.regionalis.shop\/katharina-hagen-lebensfreude\/wp-json\/wp\/v2\/product"}],"about":[{"href":"https:\/\/www.regionalis.shop\/katharina-hagen-lebensfreude\/wp-json\/wp\/v2\/types\/product"}],"wp:featuredmedia":[{"embeddable":true,"href":"https:\/\/www.regionalis.shop\/katharina-hagen-lebensfreude\/wp-json\/wp\/v2\/media\/1377"}],"wp:attachment":[{"href":"https:\/\/www.regionalis.shop\/katharina-hagen-lebensfreude\/wp-json\/wp\/v2\/media?parent=1376"}],"wp:term":[{"taxonomy":"product_brand","embeddable":true,"href":"https:\/\/www.regionalis.shop\/katharina-hagen-lebensfreude\/wp-json\/wp\/v2\/product_brand?post=1376"},{"taxonomy":"product_cat","embeddable":true,"href":"https:\/\/www.regionalis.shop\/katharina-hagen-lebensfreude\/wp-json\/wp\/v2\/product_cat?post=1376"},{"taxonomy":"product_tag","embeddable":true,"href":"https:\/\/www.regionalis.shop\/katharina-hagen-lebensfreude\/wp-json\/wp\/v2\/product_tag?post=1376"}],"curies":[{"name":"wp","href":"https:\/\/api.w.org\/{rel}","templated":true}]}}