{"id":1392,"date":"2025-04-18T01:52:12","date_gmt":"2025-04-17T23:52:12","guid":{"rendered":"https:\/\/www.regionalis.shop\/katharina-hagen-lebensfreude\/product\/aufbewahrungskoerbchen-gross-rosa\/"},"modified":"2025-04-18T01:52:12","modified_gmt":"2025-04-17T23:52:12","slug":"aufbewahrungskoerbchen-gross-rosa","status":"publish","type":"product","link":"https:\/\/www.regionalis.shop\/katharina-hagen-lebensfreude\/shop\/aufbewahrungskoerbchen-gross-rosa\/","title":{"rendered":"Aufbewahrungsk\u00f6rbchen gro\u00df &#8211; Rosa"},"content":{"rendered":"<p>Dieses Aufbewahrungsk\u00f6rbchen darf f\u00fcr die Ordnung in deinem Zuhause nicht fehlen &#8230;. Oder aber auch als Osternest verwendbar!<br \/>\nDurchmesser: ca. 21 cm<br \/>\nH\u00f6he: ca. 7 cm <\/p>\n<p>waschbar<\/p>\n","protected":false},"excerpt":{"rendered":"<p>Dieses Aufbewahrungsk\u00f6rbchen darf f\u00fcr die Ordnung in deinem Zuhause nicht fehlen &#8230;. Oder aber auch als Osternest verwendbar! Durchmesser: ca. 21 cm H\u00f6he: ca. 7 cm waschbar<\/p>\n","protected":false},"featured_media":1393,"template":"","meta":{"_acf_changed":false},"product_brand":[],"product_cat":[169,103],"product_tag":[],"class_list":{"0":"post-1392","1":"product","2":"type-product","3":"status-publish","4":"has-post-thumbnail","6":"product_cat-sonstiges-wohnen-deko","7":"product_cat-wohnen-deko","9":"first","10":"instock","11":"purchasable","12":"product-type-simple"},"acf":[],"_links":{"self":[{"href":"https:\/\/www.regionalis.shop\/katharina-hagen-lebensfreude\/wp-json\/wp\/v2\/product\/1392","targetHints":{"allow":["GET"]}}],"collection":[{"href":"https:\/\/www.regionalis.shop\/katharina-hagen-lebensfreude\/wp-json\/wp\/v2\/product"}],"about":[{"href":"https:\/\/www.regionalis.shop\/katharina-hagen-lebensfreude\/wp-json\/wp\/v2\/types\/product"}],"wp:featuredmedia":[{"embeddable":true,"href":"https:\/\/www.regionalis.shop\/katharina-hagen-lebensfreude\/wp-json\/wp\/v2\/media\/1393"}],"wp:attachment":[{"href":"https:\/\/www.regionalis.shop\/katharina-hagen-lebensfreude\/wp-json\/wp\/v2\/media?parent=1392"}],"wp:term":[{"taxonomy":"product_brand","embeddable":true,"href":"https:\/\/www.regionalis.shop\/katharina-hagen-lebensfreude\/wp-json\/wp\/v2\/product_brand?post=1392"},{"taxonomy":"product_cat","embeddable":true,"href":"https:\/\/www.regionalis.shop\/katharina-hagen-lebensfreude\/wp-json\/wp\/v2\/product_cat?post=1392"},{"taxonomy":"product_tag","embeddable":true,"href":"https:\/\/www.regionalis.shop\/katharina-hagen-lebensfreude\/wp-json\/wp\/v2\/product_tag?post=1392"}],"curies":[{"name":"wp","href":"https:\/\/api.w.org\/{rel}","templated":true}]}}