{"id":1055,"date":"2025-04-28T03:42:18","date_gmt":"2025-04-28T01:42:18","guid":{"rendered":"https:\/\/www.regionalis.shop\/kleiner-gluecksgriff\/product\/schnullerband-penguin_white\/"},"modified":"2025-04-28T03:42:18","modified_gmt":"2025-04-28T01:42:18","slug":"schnullerband-penguin_white","status":"publish","type":"product","link":"https:\/\/www.regionalis.shop\/kleiner-gluecksgriff\/shop\/schnullerband-penguin_white\/","title":{"rendered":"Schnullerband *penguin_white*"},"content":{"rendered":"<p>* In vielen Varianten erh\u00e4ltlich<br \/>\n* Mit praktischer Druckknopf\u00f6ffnung<br \/>\n* Mit Holzclip zum Anh\u00e4ngen an der Kleidung<br \/>\n* Auch f\u00fcr Schnuller ohne Haltegriff geeignet  \u2013 im Shop findest Du bei Bedarf den daf\u00fcr notwendigen Schnullerring\/Adapter.<\/p>\n<p>**Gr\u00f6\u00dfe\/Ma\u00dfe\/Gewicht**<\/p>\n<p>L\u00e4nge des Textilbandes (ohne Clip): max. 22cm (nach DIN EN 12586)<br \/>\nBreite des Textilbandes: ca. 2cm<br \/>\nHolzclip: Durchmesser von 3,5cm<\/p>\n<p>**Verwendete Materialien**<\/p>\n<p>Schr\u00e4gband: 100% Baumwolle<br \/>\nWebband: 100% Polyester; Design: \u00a9 janeas world! Alle Rechte vorbehalten.<br \/>\nDruckknopf: aus Metall (rost- und nickelfrei)<br \/>\nHolzclip: Durchmesser von 3,5cm; besitzt drei Ventilationsl\u00f6cher, ist schwei\u00df- und speichelfest, nickel- und schadstofffrei (laut Hersteller nach DIN EN 71, Norm f\u00fcr Spielzeugsicherheit).<\/p>\n<p>**Herstellungsart**<\/p>\n<p>Mit Liebe zum Detail gen\u00e4ht; nach DIN EN 12586 <\/p>\n<p>**Individualisierungsoptionen**<\/p>\n<p>&#8211;\tDu m\u00f6chtest eine andere Holzclip-Farbe &#8211; einfach eine Anfrage senden!<br \/>\n&#8211;\tDu brauchst von diesem Schnullerband eine gr\u00f6\u00dfere St\u00fcckzahl als momentan im Shop vorhanden ist? Kontaktiere mich bitte! <\/p>\n<p>**Reinigung**<\/p>\n<p>Schnullerb\u00e4nder von kleiner gl\u00fccksgriff k\u00f6nnen per Hand oder in der Waschmaschine bei 30\u00b0C gewaschen werden. Vor der Maschinenw\u00e4sche bitte die Holzhalbkugel abschrauben (Holzclip \u00f6ffnen, darunter versteckt sich eine kleine Schraube; siehe Foto)! Vor erneuter Verwendung die Holzhalbkugel wieder sorgf\u00e4ltig und fest anschrauben! Bitte nachkontrollieren!<\/p>\n<p>**F\u00fcr die Sicherheit Deines Kindes**<\/p>\n<p>Das Schnullerband bitte vor jedem Gebrauch kontrollieren und bei ersten Anzeichen von Besch\u00e4digungen oder M\u00e4ngeln sofort wegwerfen! Das Schnullerband niemals verl\u00e4ngern oder an Schn\u00fcren, B\u00e4ndern, Tr\u00e4gern oder losen Teilen der Kleidung befestigen. Das Kind k\u00f6nnte sich damit strangulieren.<br \/>\nDas Schnullerband bitte ausschlie\u00dflich an der festen Kleidung des Kindes (z.B. T-Shirt, Pullover etc.) befestigen. Bitte nicht benutzen, wenn sich das Kind in einem Laufstall, einem Bett oder einer Wiege befindet.<br \/>\nSchnullerb\u00e4nder sind **KEIN** Spielzeug!<\/p>\n<p>**Sonstige Informationen**<\/p>\n<p>&#8211; Farben k\u00f6nnen aus technischen Gr\u00fcnden (Fotografie, Licht, Computer-Einstellungen) evtl. etwas abweichen.<br \/>\n&#8211; Schnullerband wird ohne Schnuller verkauft (Schnuller auf den Symbolfotos dienen rein zur Veranschaulichung der Anwendungsm\u00f6glichkeit, auf Wunsch wird ein Schnullerring mitgeliefert).<br \/>\n&#8211; Reinigungsanleitung liegt dem Produkt bei.<\/p>\n","protected":false},"excerpt":{"rendered":"<p>* In vielen Varianten erh\u00e4ltlich * Mit praktischer Druckknopf\u00f6ffnung * Mit Holzclip zum Anh\u00e4ngen an der Kleidung * Auch f\u00fcr Schnuller ohne Haltegriff geeignet \u2013 im Shop findest Du bei Bedarf den daf\u00fcr notwendigen Schnullerring\/Adapter. **Gr\u00f6\u00dfe\/Ma\u00dfe\/Gewicht** L\u00e4nge des Textilbandes (ohne Clip): max. 22cm (nach DIN EN 12586) Breite des Textilbandes: ca. 2cm Holzclip: Durchmesser von &hellip; <a href=\"https:\/\/www.regionalis.shop\/kleiner-gluecksgriff\/shop\/schnullerband-penguin_white\/\">Continued<\/a><\/p>\n","protected":false},"featured_media":1056,"template":"","meta":{"_acf_changed":false},"product_brand":[],"product_cat":[107,38],"product_tag":[],"class_list":{"0":"post-1055","1":"product","2":"type-product","3":"status-publish","4":"has-post-thumbnail","6":"product_cat-accessoires-baby-kinder","7":"product_cat-baby-kinder","9":"first","10":"instock","11":"purchasable","12":"product-type-simple"},"acf":[],"_links":{"self":[{"href":"https:\/\/www.regionalis.shop\/kleiner-gluecksgriff\/wp-json\/wp\/v2\/product\/1055","targetHints":{"allow":["GET"]}}],"collection":[{"href":"https:\/\/www.regionalis.shop\/kleiner-gluecksgriff\/wp-json\/wp\/v2\/product"}],"about":[{"href":"https:\/\/www.regionalis.shop\/kleiner-gluecksgriff\/wp-json\/wp\/v2\/types\/product"}],"wp:featuredmedia":[{"embeddable":true,"href":"https:\/\/www.regionalis.shop\/kleiner-gluecksgriff\/wp-json\/wp\/v2\/media\/1056"}],"wp:attachment":[{"href":"https:\/\/www.regionalis.shop\/kleiner-gluecksgriff\/wp-json\/wp\/v2\/media?parent=1055"}],"wp:term":[{"taxonomy":"product_brand","embeddable":true,"href":"https:\/\/www.regionalis.shop\/kleiner-gluecksgriff\/wp-json\/wp\/v2\/product_brand?post=1055"},{"taxonomy":"product_cat","embeddable":true,"href":"https:\/\/www.regionalis.shop\/kleiner-gluecksgriff\/wp-json\/wp\/v2\/product_cat?post=1055"},{"taxonomy":"product_tag","embeddable":true,"href":"https:\/\/www.regionalis.shop\/kleiner-gluecksgriff\/wp-json\/wp\/v2\/product_tag?post=1055"}],"curies":[{"name":"wp","href":"https:\/\/api.w.org\/{rel}","templated":true}]}}