{"id":1069,"date":"2025-04-28T03:42:18","date_gmt":"2025-04-28T01:42:18","guid":{"rendered":"https:\/\/www.regionalis.shop\/kleiner-gluecksgriff\/product\/schnullerring-zu-einem-schnullerband-von-kleiner-gluecksgriff\/"},"modified":"2025-04-28T03:42:18","modified_gmt":"2025-04-28T01:42:18","slug":"schnullerring-zu-einem-schnullerband-von-kleiner-gluecksgriff","status":"publish","type":"product","link":"https:\/\/www.regionalis.shop\/kleiner-gluecksgriff\/shop\/schnullerring-zu-einem-schnullerband-von-kleiner-gluecksgriff\/","title":{"rendered":"Schnullerring ZU einem Schnullerband von kleiner gl\u00fccksgriff"},"content":{"rendered":"<p>Silikon-Schnullerring f\u00fcr Schnuller ohne Haltegriffe.<br \/>\npassend zu allen Schnullerb\u00e4ndern von kleiner gl\u00fccksgriff.<\/p>\n<p>Farbe: transparent<\/p>\n<p>BPA-frei<\/p>\n<p>Bei Kauf eines Schnullerbandes von kleiner gl\u00fccksgriff entfallen die Versandkosten (es sind lediglich die Versandkosten des Schnullerbandes zu zahlen)<\/p>\n","protected":false},"excerpt":{"rendered":"<p>Silikon-Schnullerring f\u00fcr Schnuller ohne Haltegriffe. passend zu allen Schnullerb\u00e4ndern von kleiner gl\u00fccksgriff. Farbe: transparent BPA-frei Bei Kauf eines Schnullerbandes von kleiner gl\u00fccksgriff entfallen die Versandkosten (es sind lediglich die Versandkosten des Schnullerbandes zu zahlen)<\/p>\n","protected":false},"featured_media":1070,"template":"","meta":{"_acf_changed":false},"product_brand":[],"product_cat":[107,38],"product_tag":[],"class_list":{"0":"post-1069","1":"product","2":"type-product","3":"status-publish","4":"has-post-thumbnail","6":"product_cat-accessoires-baby-kinder","7":"product_cat-baby-kinder","9":"first","10":"instock","11":"purchasable","12":"product-type-simple"},"acf":[],"_links":{"self":[{"href":"https:\/\/www.regionalis.shop\/kleiner-gluecksgriff\/wp-json\/wp\/v2\/product\/1069","targetHints":{"allow":["GET"]}}],"collection":[{"href":"https:\/\/www.regionalis.shop\/kleiner-gluecksgriff\/wp-json\/wp\/v2\/product"}],"about":[{"href":"https:\/\/www.regionalis.shop\/kleiner-gluecksgriff\/wp-json\/wp\/v2\/types\/product"}],"wp:featuredmedia":[{"embeddable":true,"href":"https:\/\/www.regionalis.shop\/kleiner-gluecksgriff\/wp-json\/wp\/v2\/media\/1070"}],"wp:attachment":[{"href":"https:\/\/www.regionalis.shop\/kleiner-gluecksgriff\/wp-json\/wp\/v2\/media?parent=1069"}],"wp:term":[{"taxonomy":"product_brand","embeddable":true,"href":"https:\/\/www.regionalis.shop\/kleiner-gluecksgriff\/wp-json\/wp\/v2\/product_brand?post=1069"},{"taxonomy":"product_cat","embeddable":true,"href":"https:\/\/www.regionalis.shop\/kleiner-gluecksgriff\/wp-json\/wp\/v2\/product_cat?post=1069"},{"taxonomy":"product_tag","embeddable":true,"href":"https:\/\/www.regionalis.shop\/kleiner-gluecksgriff\/wp-json\/wp\/v2\/product_tag?post=1069"}],"curies":[{"name":"wp","href":"https:\/\/api.w.org\/{rel}","templated":true}]}}