{"id":1079,"date":"2025-04-28T03:33:24","date_gmt":"2025-04-28T01:33:24","guid":{"rendered":"https:\/\/www.regionalis.shop\/kleiner-gluecksgriff\/product\/bodyverlaengerung-m3\/"},"modified":"2025-04-28T03:33:24","modified_gmt":"2025-04-28T01:33:24","slug":"bodyverlaengerung-m3","status":"publish","type":"product","link":"https:\/\/www.regionalis.shop\/kleiner-gluecksgriff\/shop\/bodyverlaengerung-m3\/","title":{"rendered":"Bodyverl\u00e4ngerung M3"},"content":{"rendered":"<p>Bodyverl\u00e4ngerung zur Verl\u00e4ngerung der Verwendungsdauer vieler Babybodies!<br \/>\nEinfach Bodyverl\u00e4ngerung an die bestehenden Druckkn\u00f6pfe deiner Babybodies anklippen und schon w\u00e4scht der Body ein kleines St\u00fcck mit deinem Baby mit!<\/p>\n<p>Es gibt &#8212;3 Modelle&#8212; (abh\u00e4ngig von den Druckknopfgr\u00f6\u00dfen!), da im Handel mehrere Druckknopfgr\u00f6\u00dfen verwendet werden.<\/p>\n<p>Dieses Modell &#8211; Modell-Gr\u00f6\u00dfe 3 (M3) kann u.a. f\u00fcr Bornino, Esprit, Sanetta, Schiesser verwendet werden.<\/p>\n<p>Achtung: Manche Marken verwenden zwei unterschiedlich gro\u00dfe Druckknopfgr\u00f6\u00dfen, je nach Gr\u00f6\u00dfe des Bodies! Am besten bist du beraten, wenn du einen 3-er Pack bestehend aus den 3 versch. Gr\u00f6\u00dfen bestellst &#8211; somit deckst du die meisten handels\u00fcblichen Marken ab.<br \/>\n(Liste wird mit lieben Kundinnen stets erweitert. Ich freue mich, wenn auch Du mithelfen kannst :))<\/p>\n<p>&#8212;Material:&#8212;<br \/>\n100% Baumwolle<br \/>\nMetalldruckkn\u00f6pfe (rost- und nickelfrei)<\/p>\n<p>&#8212;Pflege&#8212;<br \/>\nWasche mich bis maximal 40\u00b0C, bitte bleiche mich nicht und trockne mich nicht im W\u00e4schetrockner. Falls Du mich unbedingt b\u00fcgeln m\u00f6chtest (absolut nicht notwendig), dann bitte nur vorsichtig.<\/p>\n<p>&#8212;Herstellungsart&#8212;<br \/>\nJedes angefertigte Exemplar wird mit Liebe gen\u00e4ht, mit Freude verpackt und mit besten Gr\u00fc\u00dfen verschickt \ud83d\ude42<\/p>\n<p>&#8212;Sonstige Informationen&#8212;<\/p>\n<p>Farben k\u00f6nnen aus technischen Gr\u00fcnden (Fotografie, Licht, Computer-Einstellungen) evtl. etwas abweichen.<br \/>\nBodyverl\u00e4ngerung wird ohne Dekorationsartikel und ohne Babybody verkauft!<br \/>\nJedes angefertigte Exemplar enth\u00e4lt ein eingen\u00e4htes Textiletikett mit Informationen zum Stoff sowie zur richtigen Pflege.<\/p>\n","protected":false},"excerpt":{"rendered":"<p>Bodyverl\u00e4ngerung zur Verl\u00e4ngerung der Verwendungsdauer vieler Babybodies! Einfach Bodyverl\u00e4ngerung an die bestehenden Druckkn\u00f6pfe deiner Babybodies anklippen und schon w\u00e4scht der Body ein kleines St\u00fcck mit deinem Baby mit! Es gibt &#8212;3 Modelle&#8212; (abh\u00e4ngig von den Druckknopfgr\u00f6\u00dfen!), da im Handel mehrere Druckknopfgr\u00f6\u00dfen verwendet werden. Dieses Modell &#8211; Modell-Gr\u00f6\u00dfe 3 (M3) kann u.a. f\u00fcr Bornino, Esprit, Sanetta, &hellip; <a href=\"https:\/\/www.regionalis.shop\/kleiner-gluecksgriff\/shop\/bodyverlaengerung-m3\/\">Continued<\/a><\/p>\n","protected":false},"featured_media":1080,"template":"","meta":{"_acf_changed":false},"product_brand":[],"product_cat":[107,38],"product_tag":[],"class_list":{"0":"post-1079","1":"product","2":"type-product","3":"status-publish","4":"has-post-thumbnail","6":"product_cat-accessoires-baby-kinder","7":"product_cat-baby-kinder","9":"first","10":"instock","11":"purchasable","12":"product-type-simple"},"acf":[],"_links":{"self":[{"href":"https:\/\/www.regionalis.shop\/kleiner-gluecksgriff\/wp-json\/wp\/v2\/product\/1079","targetHints":{"allow":["GET"]}}],"collection":[{"href":"https:\/\/www.regionalis.shop\/kleiner-gluecksgriff\/wp-json\/wp\/v2\/product"}],"about":[{"href":"https:\/\/www.regionalis.shop\/kleiner-gluecksgriff\/wp-json\/wp\/v2\/types\/product"}],"wp:featuredmedia":[{"embeddable":true,"href":"https:\/\/www.regionalis.shop\/kleiner-gluecksgriff\/wp-json\/wp\/v2\/media\/1080"}],"wp:attachment":[{"href":"https:\/\/www.regionalis.shop\/kleiner-gluecksgriff\/wp-json\/wp\/v2\/media?parent=1079"}],"wp:term":[{"taxonomy":"product_brand","embeddable":true,"href":"https:\/\/www.regionalis.shop\/kleiner-gluecksgriff\/wp-json\/wp\/v2\/product_brand?post=1079"},{"taxonomy":"product_cat","embeddable":true,"href":"https:\/\/www.regionalis.shop\/kleiner-gluecksgriff\/wp-json\/wp\/v2\/product_cat?post=1079"},{"taxonomy":"product_tag","embeddable":true,"href":"https:\/\/www.regionalis.shop\/kleiner-gluecksgriff\/wp-json\/wp\/v2\/product_tag?post=1079"}],"curies":[{"name":"wp","href":"https:\/\/api.w.org\/{rel}","templated":true}]}}