{"id":1083,"date":"2025-04-18T01:41:04","date_gmt":"2025-04-17T23:41:04","guid":{"rendered":"https:\/\/www.regionalis.shop\/kleiner-gluecksgriff\/product\/2-stueck-maskenverlaengerungen-nach-wunschmass\/"},"modified":"2025-04-18T01:41:04","modified_gmt":"2025-04-17T23:41:04","slug":"2-stueck-maskenverlaengerungen-nach-wunschmass","status":"publish","type":"product","link":"https:\/\/www.regionalis.shop\/kleiner-gluecksgriff\/shop\/2-stueck-maskenverlaengerungen-nach-wunschmass\/","title":{"rendered":"2 St\u00fcck Maskenverl\u00e4ngerungen nach Wunschma\u00df"},"content":{"rendered":"<p>Maskenverl\u00e4ngerung aus schwarzem Gummi (2 cm breit) mit Plastikdruckkn\u00f6pfen in der Farbe eurer Wahl (siehe Foto).<\/p>\n<p>Nacken messen, Ma\u00dfe senden und ich mache Euch eure individuelle Verl\u00e4ngerung, damit eure Ohren etwas geschont werden.<\/p>\n<p>Verl\u00e4ngerung wird verstellbar versendet, damit ihr etwas &#8222;Spielraum&#8220; habt.<br \/>\nZb. 16-18cm<\/p>\n<p>Maskenverl\u00e4ngerung ist waschbar. Nicht trocknen. Nicht b\u00fcgeln.<br \/>\nKein Aufdruck oder Bestickung m\u00f6glich.<\/p>\n","protected":false},"excerpt":{"rendered":"<p>Maskenverl\u00e4ngerung aus schwarzem Gummi (2 cm breit) mit Plastikdruckkn\u00f6pfen in der Farbe eurer Wahl (siehe Foto). Nacken messen, Ma\u00dfe senden und ich mache Euch eure individuelle Verl\u00e4ngerung, damit eure Ohren etwas geschont werden. Verl\u00e4ngerung wird verstellbar versendet, damit ihr etwas &#8222;Spielraum&#8220; habt. Zb. 16-18cm Maskenverl\u00e4ngerung ist waschbar. Nicht trocknen. Nicht b\u00fcgeln. Kein Aufdruck oder Bestickung &hellip; <a href=\"https:\/\/www.regionalis.shop\/kleiner-gluecksgriff\/shop\/2-stueck-maskenverlaengerungen-nach-wunschmass\/\">Continued<\/a><\/p>\n","protected":false},"featured_media":1084,"template":"","meta":{"_acf_changed":false},"product_brand":[],"product_cat":[37,92],"product_tag":[],"class_list":{"0":"post-1083","1":"product","2":"type-product","3":"status-publish","4":"has-post-thumbnail","6":"product_cat-accessoires","7":"product_cat-stoff-gesichtsmasken","9":"first","10":"instock","11":"purchasable","12":"product-type-simple"},"acf":[],"_links":{"self":[{"href":"https:\/\/www.regionalis.shop\/kleiner-gluecksgriff\/wp-json\/wp\/v2\/product\/1083","targetHints":{"allow":["GET"]}}],"collection":[{"href":"https:\/\/www.regionalis.shop\/kleiner-gluecksgriff\/wp-json\/wp\/v2\/product"}],"about":[{"href":"https:\/\/www.regionalis.shop\/kleiner-gluecksgriff\/wp-json\/wp\/v2\/types\/product"}],"wp:featuredmedia":[{"embeddable":true,"href":"https:\/\/www.regionalis.shop\/kleiner-gluecksgriff\/wp-json\/wp\/v2\/media\/1084"}],"wp:attachment":[{"href":"https:\/\/www.regionalis.shop\/kleiner-gluecksgriff\/wp-json\/wp\/v2\/media?parent=1083"}],"wp:term":[{"taxonomy":"product_brand","embeddable":true,"href":"https:\/\/www.regionalis.shop\/kleiner-gluecksgriff\/wp-json\/wp\/v2\/product_brand?post=1083"},{"taxonomy":"product_cat","embeddable":true,"href":"https:\/\/www.regionalis.shop\/kleiner-gluecksgriff\/wp-json\/wp\/v2\/product_cat?post=1083"},{"taxonomy":"product_tag","embeddable":true,"href":"https:\/\/www.regionalis.shop\/kleiner-gluecksgriff\/wp-json\/wp\/v2\/product_tag?post=1083"}],"curies":[{"name":"wp","href":"https:\/\/api.w.org\/{rel}","templated":true}]}}