{"id":1101,"date":"2025-04-18T00:55:45","date_gmt":"2025-04-17T22:55:45","guid":{"rendered":"https:\/\/www.regionalis.shop\/kleiner-gluecksgriff\/product\/schnullerband-circles-pink\/"},"modified":"2025-04-18T00:55:45","modified_gmt":"2025-04-17T22:55:45","slug":"schnullerband-circles-pink","status":"publish","type":"product","link":"https:\/\/www.regionalis.shop\/kleiner-gluecksgriff\/shop\/schnullerband-circles-pink\/","title":{"rendered":"Schnullerband **circles.pink**"},"content":{"rendered":"<p>* Schnullerband mit praktischer Druckknopf\u00f6ffnung<br \/>\n* Mit Holzclip zum Anh\u00e4ngen an der Kleidung<br \/>\n* Auch f\u00fcr Schnuller ohne Haltegriff mit Schnullerring verwendbar<\/p>\n<p>&#8211;Ma\u00dfe&#8211;<\/p>\n<p>L\u00e4nge des Textilbandes (ohne Clip): max. 22cm (nach DIN EN 12586)<br \/>\nBreite des Textilbandes: ca. 2cm<br \/>\nHolzclip: Durchmesser von 3,5cm<\/p>\n<p>&#8211;Details&#8211;<\/p>\n<p>Schr\u00e4gband: 100% Baumwolle<br \/>\nWebband: 100% Polyester; Design: Petra Laitner. Alle Rechte vorbehalten.<br \/>\nDruckknopf: aus Metall (rost- und nickelfrei)<br \/>\nHolzclip: Durchmesser von 3,5cm mit drei Ventilationsl\u00f6chern, ist schwei\u00df- und speichelfest, nickel- und schadstofffrei (laut Hersteller nach DIN EN 71, Norm f\u00fcr Spielzeugsicherheit).<\/p>\n<p>&#8211;Herstellungsart&#8211;<\/p>\n<p>nach DIN EN 12586<\/p>\n<p>&#8211;Individualisierungsoptionen&#8211;<\/p>\n<p>Du m\u00f6chtest dein Wunschband selber zusammenstellen. Dann gib Webbandmotiv + Schr\u00e4gband- sowie Holzclipfarbe bei der Bestellung an. Ich melde mich dann bei dir!<\/p>\n<p>&#8211;Reinigung&#8211;<\/p>\n<p>per Hand oder in der Waschmaschine bei 30\u00b0C waschbar; vor der Maschinenw\u00e4sche Holzhalbkugel abschrauben (Holzclip \u00f6ffnen, darunter versteckt sich eine kleine Schraube; siehe Foto)! Vor erneuter Verwendung die Holzhalbkugel wieder sorgf\u00e4ltig und fest anschrauben! Bitte nachkontrollieren!<\/p>\n<p>&#8211;F\u00fcr die Sicherheit Deines Kindes&#8211;<\/p>\n<p>Das Schnullerband bitte vor jedem Gebrauch kontrollieren und bei ersten Anzeichen von Besch\u00e4digungen oder M\u00e4ngeln sofort wegwerfen! Das Schnullerband niemals verl\u00e4ngern oder an Schn\u00fcren, B\u00e4ndern, Tr\u00e4gern oder losen Teilen der Kleidung befestigen. Das Kind k\u00f6nnte sich damit strangulieren.<br \/>\nDas Schnullerband bitte ausschlie\u00dflich an der festen Kleidung des Kindes (z.B. T-Shirt, Pullover etc.) befestigen. Bitte nicht benutzen, wenn sich das Kind in einem Laufstall, einem Bett oder einer Wiege befindet.<br \/>\nSchnullerb\u00e4nder sind **KEIN** Spielzeug!<\/p>\n<p>&#8211;Sonstige Informationen&#8211;<\/p>\n<p>&#8211; Farben k\u00f6nnen aus technischen Gr\u00fcnden (Fotografie, Licht, Computer-Einstellungen) evtl. etwas abweichen.<br \/>\n&#8211; Schnullerband wird ohne Schnuller verkauft (Schnuller auf den Symbolfotos dienen rein zur Veranschaulichung der Anwendungsm\u00f6glichkeit).<br \/>\n&#8211; Reinigungsanleitung liegt dem Produkt bei.<\/p>\n","protected":false},"excerpt":{"rendered":"<p>* Schnullerband mit praktischer Druckknopf\u00f6ffnung * Mit Holzclip zum Anh\u00e4ngen an der Kleidung * Auch f\u00fcr Schnuller ohne Haltegriff mit Schnullerring verwendbar &#8211;Ma\u00dfe&#8211; L\u00e4nge des Textilbandes (ohne Clip): max. 22cm (nach DIN EN 12586) Breite des Textilbandes: ca. 2cm Holzclip: Durchmesser von 3,5cm &#8211;Details&#8211; Schr\u00e4gband: 100% Baumwolle Webband: 100% Polyester; Design: Petra Laitner. Alle Rechte &hellip; <a href=\"https:\/\/www.regionalis.shop\/kleiner-gluecksgriff\/shop\/schnullerband-circles-pink\/\">Continued<\/a><\/p>\n","protected":false},"featured_media":1102,"template":"","meta":{"_acf_changed":false},"product_brand":[],"product_cat":[107,38],"product_tag":[],"class_list":{"0":"post-1101","1":"product","2":"type-product","3":"status-publish","4":"has-post-thumbnail","6":"product_cat-accessoires-baby-kinder","7":"product_cat-baby-kinder","9":"first","10":"instock","11":"purchasable","12":"product-type-simple"},"acf":[],"_links":{"self":[{"href":"https:\/\/www.regionalis.shop\/kleiner-gluecksgriff\/wp-json\/wp\/v2\/product\/1101","targetHints":{"allow":["GET"]}}],"collection":[{"href":"https:\/\/www.regionalis.shop\/kleiner-gluecksgriff\/wp-json\/wp\/v2\/product"}],"about":[{"href":"https:\/\/www.regionalis.shop\/kleiner-gluecksgriff\/wp-json\/wp\/v2\/types\/product"}],"wp:featuredmedia":[{"embeddable":true,"href":"https:\/\/www.regionalis.shop\/kleiner-gluecksgriff\/wp-json\/wp\/v2\/media\/1102"}],"wp:attachment":[{"href":"https:\/\/www.regionalis.shop\/kleiner-gluecksgriff\/wp-json\/wp\/v2\/media?parent=1101"}],"wp:term":[{"taxonomy":"product_brand","embeddable":true,"href":"https:\/\/www.regionalis.shop\/kleiner-gluecksgriff\/wp-json\/wp\/v2\/product_brand?post=1101"},{"taxonomy":"product_cat","embeddable":true,"href":"https:\/\/www.regionalis.shop\/kleiner-gluecksgriff\/wp-json\/wp\/v2\/product_cat?post=1101"},{"taxonomy":"product_tag","embeddable":true,"href":"https:\/\/www.regionalis.shop\/kleiner-gluecksgriff\/wp-json\/wp\/v2\/product_tag?post=1101"}],"curies":[{"name":"wp","href":"https:\/\/api.w.org\/{rel}","templated":true}]}}