{"id":1167,"date":"2025-04-18T00:06:55","date_gmt":"2025-04-17T22:06:55","guid":{"rendered":"https:\/\/www.regionalis.shop\/kleiner-gluecksgriff\/product\/1-stk-mund-nasen-schnellmaske\/"},"modified":"2025-04-18T00:06:55","modified_gmt":"2025-04-17T22:06:55","slug":"1-stk-mund-nasen-schnellmaske","status":"publish","type":"product","link":"https:\/\/www.regionalis.shop\/kleiner-gluecksgriff\/shop\/1-stk-mund-nasen-schnellmaske\/","title":{"rendered":"1 Stk. Mund-Nasen-Schnellmaske"},"content":{"rendered":"<p>Mund-Nasen-Schnellmasken sind keine Produkte im Sinne der Normen EN 149 (PSA) und EN 14683 (OP-Masken) und haben keine nachweisliche Schutzwirkung betreffend Infektionen (insbesondere von Covid-19).<\/p>\n<p>Produktdetails:<br \/>\n100% Baumwolle<\/p>\n<p>Wasch \u2013 und Pflegeanleitung:<br \/>\nBis 40 Grad m\u00f6glich. Wenn m\u00f6glich, Mundmaske in ein \u201eW\u00e4schesackerl\u201c geben (vor allem wenn ein Nasenb\u00fcgel auf Wunsch eingen\u00e4ht wurde) und mit \u00e4hnlichen Farben waschen!<br \/>\nBitte nicht in den Trockner geben.<br \/>\nStoff b\u00fcgeln m\u00f6glich, Gummi bitte nicht!<\/p>\n<p>Sicherheitshinweis \u2013 Nasenb\u00fcgel (optional):<br \/>\nDer eingen\u00e4hte Nasenb\u00fcgel besteht aus sehr leicht biegsamen Aluminium, das mit Kunststoff ummantelt wurde \u2013 eine Korrosion kann aber laut Hersteller nicht ausgeschlossen werden.<\/p>\n<p>Bitte nicht knicken \u2013 k\u00f6nnte brechen.<\/p>\n","protected":false},"excerpt":{"rendered":"<p>Mund-Nasen-Schnellmasken sind keine Produkte im Sinne der Normen EN 149 (PSA) und EN 14683 (OP-Masken) und haben keine nachweisliche Schutzwirkung betreffend Infektionen (insbesondere von Covid-19). Produktdetails: 100% Baumwolle Wasch \u2013 und Pflegeanleitung: Bis 40 Grad m\u00f6glich. Wenn m\u00f6glich, Mundmaske in ein \u201eW\u00e4schesackerl\u201c geben (vor allem wenn ein Nasenb\u00fcgel auf Wunsch eingen\u00e4ht wurde) und mit \u00e4hnlichen &hellip; <a href=\"https:\/\/www.regionalis.shop\/kleiner-gluecksgriff\/shop\/1-stk-mund-nasen-schnellmaske\/\">Continued<\/a><\/p>\n","protected":false},"featured_media":1168,"template":"","meta":{"_acf_changed":false},"product_brand":[],"product_cat":[37,92],"product_tag":[],"class_list":{"0":"post-1167","1":"product","2":"type-product","3":"status-publish","4":"has-post-thumbnail","6":"product_cat-accessoires","7":"product_cat-stoff-gesichtsmasken","9":"first","10":"instock","11":"purchasable","12":"product-type-simple"},"acf":[],"_links":{"self":[{"href":"https:\/\/www.regionalis.shop\/kleiner-gluecksgriff\/wp-json\/wp\/v2\/product\/1167","targetHints":{"allow":["GET"]}}],"collection":[{"href":"https:\/\/www.regionalis.shop\/kleiner-gluecksgriff\/wp-json\/wp\/v2\/product"}],"about":[{"href":"https:\/\/www.regionalis.shop\/kleiner-gluecksgriff\/wp-json\/wp\/v2\/types\/product"}],"wp:featuredmedia":[{"embeddable":true,"href":"https:\/\/www.regionalis.shop\/kleiner-gluecksgriff\/wp-json\/wp\/v2\/media\/1168"}],"wp:attachment":[{"href":"https:\/\/www.regionalis.shop\/kleiner-gluecksgriff\/wp-json\/wp\/v2\/media?parent=1167"}],"wp:term":[{"taxonomy":"product_brand","embeddable":true,"href":"https:\/\/www.regionalis.shop\/kleiner-gluecksgriff\/wp-json\/wp\/v2\/product_brand?post=1167"},{"taxonomy":"product_cat","embeddable":true,"href":"https:\/\/www.regionalis.shop\/kleiner-gluecksgriff\/wp-json\/wp\/v2\/product_cat?post=1167"},{"taxonomy":"product_tag","embeddable":true,"href":"https:\/\/www.regionalis.shop\/kleiner-gluecksgriff\/wp-json\/wp\/v2\/product_tag?post=1167"}],"curies":[{"name":"wp","href":"https:\/\/api.w.org\/{rel}","templated":true}]}}