{"id":1062,"date":"2025-04-18T10:50:56","date_gmt":"2025-04-18T08:50:56","guid":{"rendered":"https:\/\/www.regionalis.shop\/kleines-wundertuetchen\/product\/notizbuch-its-not-about-ideas\/"},"modified":"2025-04-18T10:50:56","modified_gmt":"2025-04-18T08:50:56","slug":"notizbuch-its-not-about-ideas","status":"publish","type":"product","link":"https:\/\/www.regionalis.shop\/kleines-wundertuetchen\/shop\/notizbuch-its-not-about-ideas\/","title":{"rendered":"Notizbuch \u201eit\u2018s Not about ideas\u201c"},"content":{"rendered":"<p>\u2026 weil man von Notizb\u00fcchern, To Do Listen und Denkzetteln nie genug haben kann.<\/p>\n<p>Spiralen Notizblock, DIN A6<br \/>\n80 Seiten\/ 160 Blatt<br \/>\nPapier 80 g \/ m\u00b2.<\/p>\n<p>Perfekt als kleines Mitbringsel oder als Geschenksidee f\u00fcr Erwachsene und Kinder, zur Einschulung oder f\u00fcr den Schulschluss, f\u00fcr kreative Ideen, Visionen \u2026<\/p>\n","protected":false},"excerpt":{"rendered":"<p>\u2026 weil man von Notizb\u00fcchern, To Do Listen und Denkzetteln nie genug haben kann. Spiralen Notizblock, DIN A6 80 Seiten\/ 160 Blatt Papier 80 g \/ m\u00b2. Perfekt als kleines Mitbringsel oder als Geschenksidee f\u00fcr Erwachsene und Kinder, zur Einschulung oder f\u00fcr den Schulschluss, f\u00fcr kreative Ideen, Visionen \u2026<\/p>\n","protected":false},"featured_media":1063,"template":"","meta":{"_acf_changed":false},"product_brand":[],"product_cat":[161,62],"product_tag":[],"class_list":{"0":"post-1062","1":"product","2":"type-product","3":"status-publish","4":"has-post-thumbnail","6":"product_cat-notizhefte-skizzenbuecher","7":"product_cat-papeterie-schreibwaren","9":"first","10":"instock","11":"purchasable","12":"product-type-simple"},"acf":[],"_links":{"self":[{"href":"https:\/\/www.regionalis.shop\/kleines-wundertuetchen\/wp-json\/wp\/v2\/product\/1062","targetHints":{"allow":["GET"]}}],"collection":[{"href":"https:\/\/www.regionalis.shop\/kleines-wundertuetchen\/wp-json\/wp\/v2\/product"}],"about":[{"href":"https:\/\/www.regionalis.shop\/kleines-wundertuetchen\/wp-json\/wp\/v2\/types\/product"}],"wp:featuredmedia":[{"embeddable":true,"href":"https:\/\/www.regionalis.shop\/kleines-wundertuetchen\/wp-json\/wp\/v2\/media\/1063"}],"wp:attachment":[{"href":"https:\/\/www.regionalis.shop\/kleines-wundertuetchen\/wp-json\/wp\/v2\/media?parent=1062"}],"wp:term":[{"taxonomy":"product_brand","embeddable":true,"href":"https:\/\/www.regionalis.shop\/kleines-wundertuetchen\/wp-json\/wp\/v2\/product_brand?post=1062"},{"taxonomy":"product_cat","embeddable":true,"href":"https:\/\/www.regionalis.shop\/kleines-wundertuetchen\/wp-json\/wp\/v2\/product_cat?post=1062"},{"taxonomy":"product_tag","embeddable":true,"href":"https:\/\/www.regionalis.shop\/kleines-wundertuetchen\/wp-json\/wp\/v2\/product_tag?post=1062"}],"curies":[{"name":"wp","href":"https:\/\/api.w.org\/{rel}","templated":true}]}}