{"id":1075,"date":"2025-04-18T10:50:08","date_gmt":"2025-04-18T08:50:08","guid":{"rendered":"https:\/\/www.regionalis.shop\/kleines-wundertuetchen\/product\/bildleiste-ein-stueck-glueck\/"},"modified":"2025-04-18T10:50:08","modified_gmt":"2025-04-18T08:50:08","slug":"bildleiste-ein-stueck-glueck","status":"publish","type":"product","link":"https:\/\/www.regionalis.shop\/kleines-wundertuetchen\/shop\/bildleiste-ein-stueck-glueck\/","title":{"rendered":"Bildleiste \u201eEin St\u00fcck Gl\u00fcck\u201c"},"content":{"rendered":"<p>Die Kartenhalter eignen sich perfekt, um einzigartige Momente festzuhalten oder Postkarten, Erinnerungen, Notizen oder auch ein paar Trockenblumen gekonnt in Szene zu setzen. <\/p>\n<p>Ein wundersch\u00f6nes Mitbringsel, ein Geschenk f\u00fcr einen lieben Menschen oder f\u00fcr dich selbst. Vielleicht auch eine bezaubernde Idee f\u00fcr P\u00e4dagogen, die beste Hebamme, die Nachbarin? <\/p>\n<p>Ma\u00dfe etwa 15x2x4 cm<br \/>\nAussparung etwa 0,3mm<\/p>\n<p>Das Produkt kann gerne mit einem individuellen Spruch versch\u00f6nert werden.<\/p>\n","protected":false},"excerpt":{"rendered":"<p>Die Kartenhalter eignen sich perfekt, um einzigartige Momente festzuhalten oder Postkarten, Erinnerungen, Notizen oder auch ein paar Trockenblumen gekonnt in Szene zu setzen. Ein wundersch\u00f6nes Mitbringsel, ein Geschenk f\u00fcr einen lieben Menschen oder f\u00fcr dich selbst. Vielleicht auch eine bezaubernde Idee f\u00fcr P\u00e4dagogen, die beste Hebamme, die Nachbarin? Ma\u00dfe etwa 15x2x4 cm Aussparung etwa 0,3mm &hellip; <a href=\"https:\/\/www.regionalis.shop\/kleines-wundertuetchen\/shop\/bildleiste-ein-stueck-glueck\/\">Continued<\/a><\/p>\n","protected":false},"featured_media":1076,"template":"","meta":{"_acf_changed":false},"product_brand":[],"product_cat":[174,103],"product_tag":[],"class_list":{"0":"post-1075","1":"product","2":"type-product","3":"status-publish","4":"has-post-thumbnail","6":"product_cat-wohndekoration","7":"product_cat-wohnen-deko","9":"first","10":"instock","11":"purchasable","12":"product-type-simple"},"acf":[],"_links":{"self":[{"href":"https:\/\/www.regionalis.shop\/kleines-wundertuetchen\/wp-json\/wp\/v2\/product\/1075","targetHints":{"allow":["GET"]}}],"collection":[{"href":"https:\/\/www.regionalis.shop\/kleines-wundertuetchen\/wp-json\/wp\/v2\/product"}],"about":[{"href":"https:\/\/www.regionalis.shop\/kleines-wundertuetchen\/wp-json\/wp\/v2\/types\/product"}],"wp:featuredmedia":[{"embeddable":true,"href":"https:\/\/www.regionalis.shop\/kleines-wundertuetchen\/wp-json\/wp\/v2\/media\/1076"}],"wp:attachment":[{"href":"https:\/\/www.regionalis.shop\/kleines-wundertuetchen\/wp-json\/wp\/v2\/media?parent=1075"}],"wp:term":[{"taxonomy":"product_brand","embeddable":true,"href":"https:\/\/www.regionalis.shop\/kleines-wundertuetchen\/wp-json\/wp\/v2\/product_brand?post=1075"},{"taxonomy":"product_cat","embeddable":true,"href":"https:\/\/www.regionalis.shop\/kleines-wundertuetchen\/wp-json\/wp\/v2\/product_cat?post=1075"},{"taxonomy":"product_tag","embeddable":true,"href":"https:\/\/www.regionalis.shop\/kleines-wundertuetchen\/wp-json\/wp\/v2\/product_tag?post=1075"}],"curies":[{"name":"wp","href":"https:\/\/api.w.org\/{rel}","templated":true}]}}