{"id":1105,"date":"2025-04-18T07:52:06","date_gmt":"2025-04-18T05:52:06","guid":{"rendered":"https:\/\/www.regionalis.shop\/kleines-wundertuetchen\/product\/jutebeutel-nikolaus\/"},"modified":"2025-04-18T07:52:06","modified_gmt":"2025-04-18T05:52:06","slug":"jutebeutel-nikolaus","status":"publish","type":"product","link":"https:\/\/www.regionalis.shop\/kleines-wundertuetchen\/shop\/jutebeutel-nikolaus\/","title":{"rendered":"Jutebeutel Nikolaus"},"content":{"rendered":"<p>Ein s\u00fc\u00dfes Nikolosackerl, das den kleinen und gro\u00dfen Kindern bestimmt ein L\u00e4cheln ins Gesicht zaubert. Auf Wunsch gerne mit dem Namen personalisierbar.<\/p>\n<p>Gr\u00f6\u00dfe 23&#215;34 cm<\/p>\n<p>Der Beutel eignet sich ideal als Geschenks-\/ oder Gutschein Verpackung, auch S\u00fc\u00dfigkeiten finden hier perfekt Platz.<\/p>\n","protected":false},"excerpt":{"rendered":"<p>Ein s\u00fc\u00dfes Nikolosackerl, das den kleinen und gro\u00dfen Kindern bestimmt ein L\u00e4cheln ins Gesicht zaubert. Auf Wunsch gerne mit dem Namen personalisierbar. Gr\u00f6\u00dfe 23&#215;34 cm Der Beutel eignet sich ideal als Geschenks-\/ oder Gutschein Verpackung, auch S\u00fc\u00dfigkeiten finden hier perfekt Platz.<\/p>\n","protected":false},"featured_media":1106,"template":"","meta":{"_acf_changed":false},"product_brand":[],"product_cat":[168,95],"product_tag":[],"class_list":{"0":"post-1105","1":"product","2":"type-product","3":"status-publish","4":"has-post-thumbnail","6":"product_cat-sonstiges-taschen","7":"product_cat-taschen","9":"first","10":"instock","11":"purchasable","12":"product-type-simple"},"acf":[],"_links":{"self":[{"href":"https:\/\/www.regionalis.shop\/kleines-wundertuetchen\/wp-json\/wp\/v2\/product\/1105","targetHints":{"allow":["GET"]}}],"collection":[{"href":"https:\/\/www.regionalis.shop\/kleines-wundertuetchen\/wp-json\/wp\/v2\/product"}],"about":[{"href":"https:\/\/www.regionalis.shop\/kleines-wundertuetchen\/wp-json\/wp\/v2\/types\/product"}],"wp:featuredmedia":[{"embeddable":true,"href":"https:\/\/www.regionalis.shop\/kleines-wundertuetchen\/wp-json\/wp\/v2\/media\/1106"}],"wp:attachment":[{"href":"https:\/\/www.regionalis.shop\/kleines-wundertuetchen\/wp-json\/wp\/v2\/media?parent=1105"}],"wp:term":[{"taxonomy":"product_brand","embeddable":true,"href":"https:\/\/www.regionalis.shop\/kleines-wundertuetchen\/wp-json\/wp\/v2\/product_brand?post=1105"},{"taxonomy":"product_cat","embeddable":true,"href":"https:\/\/www.regionalis.shop\/kleines-wundertuetchen\/wp-json\/wp\/v2\/product_cat?post=1105"},{"taxonomy":"product_tag","embeddable":true,"href":"https:\/\/www.regionalis.shop\/kleines-wundertuetchen\/wp-json\/wp\/v2\/product_tag?post=1105"}],"curies":[{"name":"wp","href":"https:\/\/api.w.org\/{rel}","templated":true}]}}