{"id":1125,"date":"2025-04-18T07:43:00","date_gmt":"2025-04-18T05:43:00","guid":{"rendered":"https:\/\/www.regionalis.shop\/kleines-wundertuetchen\/product\/holz-postkarte-beste-mama\/"},"modified":"2025-04-18T07:43:00","modified_gmt":"2025-04-18T05:43:00","slug":"holz-postkarte-beste-mama","status":"publish","type":"product","link":"https:\/\/www.regionalis.shop\/kleines-wundertuetchen\/shop\/holz-postkarte-beste-mama\/","title":{"rendered":"Holz Postkarte \u201ebeste Mama\u201c"},"content":{"rendered":"<p>Postkarte aus Holz f\u00fcr die liebste Mama.<br \/>\nPerfekt zum Verschenken, an Muttertag oder einfach so. <\/p>\n<p>Die Postkarte kann auf der R\u00fcckseite mit Bleistift, Kugelschreiber selbst beschrieben werden. <\/p>\n<p>Ma\u00dfe 14,8&#215;10,5&#215;0,3cm<\/p>\n","protected":false},"excerpt":{"rendered":"<p>Postkarte aus Holz f\u00fcr die liebste Mama. Perfekt zum Verschenken, an Muttertag oder einfach so. Die Postkarte kann auf der R\u00fcckseite mit Bleistift, Kugelschreiber selbst beschrieben werden. Ma\u00dfe 14,8&#215;10,5&#215;0,3cm<\/p>\n","protected":false},"featured_media":1126,"template":"","meta":{"_acf_changed":false},"product_brand":[],"product_cat":[174,103],"product_tag":[],"class_list":{"0":"post-1125","1":"product","2":"type-product","3":"status-publish","4":"has-post-thumbnail","6":"product_cat-wohndekoration","7":"product_cat-wohnen-deko","9":"first","10":"instock","11":"purchasable","12":"product-type-simple"},"acf":[],"_links":{"self":[{"href":"https:\/\/www.regionalis.shop\/kleines-wundertuetchen\/wp-json\/wp\/v2\/product\/1125","targetHints":{"allow":["GET"]}}],"collection":[{"href":"https:\/\/www.regionalis.shop\/kleines-wundertuetchen\/wp-json\/wp\/v2\/product"}],"about":[{"href":"https:\/\/www.regionalis.shop\/kleines-wundertuetchen\/wp-json\/wp\/v2\/types\/product"}],"wp:featuredmedia":[{"embeddable":true,"href":"https:\/\/www.regionalis.shop\/kleines-wundertuetchen\/wp-json\/wp\/v2\/media\/1126"}],"wp:attachment":[{"href":"https:\/\/www.regionalis.shop\/kleines-wundertuetchen\/wp-json\/wp\/v2\/media?parent=1125"}],"wp:term":[{"taxonomy":"product_brand","embeddable":true,"href":"https:\/\/www.regionalis.shop\/kleines-wundertuetchen\/wp-json\/wp\/v2\/product_brand?post=1125"},{"taxonomy":"product_cat","embeddable":true,"href":"https:\/\/www.regionalis.shop\/kleines-wundertuetchen\/wp-json\/wp\/v2\/product_cat?post=1125"},{"taxonomy":"product_tag","embeddable":true,"href":"https:\/\/www.regionalis.shop\/kleines-wundertuetchen\/wp-json\/wp\/v2\/product_tag?post=1125"}],"curies":[{"name":"wp","href":"https:\/\/api.w.org\/{rel}","templated":true}]}}