{"id":1142,"date":"2025-04-18T07:42:28","date_gmt":"2025-04-18T05:42:28","guid":{"rendered":"https:\/\/www.regionalis.shop\/kleines-wundertuetchen\/product\/holz-postkarte-hurra-schulkind\/"},"modified":"2025-04-18T07:42:28","modified_gmt":"2025-04-18T05:42:28","slug":"holz-postkarte-hurra-schulkind","status":"publish","type":"product","link":"https:\/\/www.regionalis.shop\/kleines-wundertuetchen\/shop\/holz-postkarte-hurra-schulkind\/","title":{"rendered":"Holz Postkarte \u201ehurra Schulkind\u201c"},"content":{"rendered":"<p>Postkarte aus Holz \u201eHurra, du bist ein Schulkind.\u201c<br \/>\nPerfekt f\u00fcr den ersten Schultag. Eine s\u00fc\u00dfe Idee f\u00fcr die Schult\u00fcte.<\/p>\n<p>Die Postkarte kann auf der R\u00fcckseite mit Bleistift, Kugelschreiber selbst beschrieben werden. <\/p>\n<p>Ma\u00dfe 14,8&#215;10,5&#215;0,3cm<\/p>\n","protected":false},"excerpt":{"rendered":"<p>Postkarte aus Holz \u201eHurra, du bist ein Schulkind.\u201c Perfekt f\u00fcr den ersten Schultag. Eine s\u00fc\u00dfe Idee f\u00fcr die Schult\u00fcte. Die Postkarte kann auf der R\u00fcckseite mit Bleistift, Kugelschreiber selbst beschrieben werden. Ma\u00dfe 14,8&#215;10,5&#215;0,3cm<\/p>\n","protected":false},"featured_media":1143,"template":"","meta":{"_acf_changed":false},"product_brand":[],"product_cat":[174,103],"product_tag":[],"class_list":{"0":"post-1142","1":"product","2":"type-product","3":"status-publish","4":"has-post-thumbnail","6":"product_cat-wohndekoration","7":"product_cat-wohnen-deko","9":"first","10":"instock","11":"purchasable","12":"product-type-simple"},"acf":[],"_links":{"self":[{"href":"https:\/\/www.regionalis.shop\/kleines-wundertuetchen\/wp-json\/wp\/v2\/product\/1142","targetHints":{"allow":["GET"]}}],"collection":[{"href":"https:\/\/www.regionalis.shop\/kleines-wundertuetchen\/wp-json\/wp\/v2\/product"}],"about":[{"href":"https:\/\/www.regionalis.shop\/kleines-wundertuetchen\/wp-json\/wp\/v2\/types\/product"}],"wp:featuredmedia":[{"embeddable":true,"href":"https:\/\/www.regionalis.shop\/kleines-wundertuetchen\/wp-json\/wp\/v2\/media\/1143"}],"wp:attachment":[{"href":"https:\/\/www.regionalis.shop\/kleines-wundertuetchen\/wp-json\/wp\/v2\/media?parent=1142"}],"wp:term":[{"taxonomy":"product_brand","embeddable":true,"href":"https:\/\/www.regionalis.shop\/kleines-wundertuetchen\/wp-json\/wp\/v2\/product_brand?post=1142"},{"taxonomy":"product_cat","embeddable":true,"href":"https:\/\/www.regionalis.shop\/kleines-wundertuetchen\/wp-json\/wp\/v2\/product_cat?post=1142"},{"taxonomy":"product_tag","embeddable":true,"href":"https:\/\/www.regionalis.shop\/kleines-wundertuetchen\/wp-json\/wp\/v2\/product_tag?post=1142"}],"curies":[{"name":"wp","href":"https:\/\/api.w.org\/{rel}","templated":true}]}}