{"id":1144,"date":"2025-04-18T07:42:28","date_gmt":"2025-04-18T05:42:28","guid":{"rendered":"https:\/\/www.regionalis.shop\/kleines-wundertuetchen\/product\/holz-postkarte-schoen-dass-es-dich-gibt\/"},"modified":"2025-04-18T07:42:28","modified_gmt":"2025-04-18T05:42:28","slug":"holz-postkarte-schoen-dass-es-dich-gibt","status":"publish","type":"product","link":"https:\/\/www.regionalis.shop\/kleines-wundertuetchen\/shop\/holz-postkarte-schoen-dass-es-dich-gibt\/","title":{"rendered":"Holz Postkarte \u201esch\u00f6n, dass es dich gibt\u201c"},"content":{"rendered":"<p>Postkarte aus Holz f\u00fcr einen ganz besonderen Lieblingsmenschen. <\/p>\n<p>Die Postkarte kann auf der R\u00fcckseite mit Bleistift, Kugelschreiber selbst beschrieben werden. <\/p>\n<p>Ma\u00dfe 14,8&#215;10,5&#215;0,3cm<\/p>\n","protected":false},"excerpt":{"rendered":"<p>Postkarte aus Holz f\u00fcr einen ganz besonderen Lieblingsmenschen. Die Postkarte kann auf der R\u00fcckseite mit Bleistift, Kugelschreiber selbst beschrieben werden. Ma\u00dfe 14,8&#215;10,5&#215;0,3cm<\/p>\n","protected":false},"featured_media":1145,"template":"","meta":{"_acf_changed":false},"product_brand":[],"product_cat":[174,103],"product_tag":[],"class_list":{"0":"post-1144","1":"product","2":"type-product","3":"status-publish","4":"has-post-thumbnail","6":"product_cat-wohndekoration","7":"product_cat-wohnen-deko","9":"first","10":"instock","11":"purchasable","12":"product-type-simple"},"acf":[],"_links":{"self":[{"href":"https:\/\/www.regionalis.shop\/kleines-wundertuetchen\/wp-json\/wp\/v2\/product\/1144","targetHints":{"allow":["GET"]}}],"collection":[{"href":"https:\/\/www.regionalis.shop\/kleines-wundertuetchen\/wp-json\/wp\/v2\/product"}],"about":[{"href":"https:\/\/www.regionalis.shop\/kleines-wundertuetchen\/wp-json\/wp\/v2\/types\/product"}],"wp:featuredmedia":[{"embeddable":true,"href":"https:\/\/www.regionalis.shop\/kleines-wundertuetchen\/wp-json\/wp\/v2\/media\/1145"}],"wp:attachment":[{"href":"https:\/\/www.regionalis.shop\/kleines-wundertuetchen\/wp-json\/wp\/v2\/media?parent=1144"}],"wp:term":[{"taxonomy":"product_brand","embeddable":true,"href":"https:\/\/www.regionalis.shop\/kleines-wundertuetchen\/wp-json\/wp\/v2\/product_brand?post=1144"},{"taxonomy":"product_cat","embeddable":true,"href":"https:\/\/www.regionalis.shop\/kleines-wundertuetchen\/wp-json\/wp\/v2\/product_cat?post=1144"},{"taxonomy":"product_tag","embeddable":true,"href":"https:\/\/www.regionalis.shop\/kleines-wundertuetchen\/wp-json\/wp\/v2\/product_tag?post=1144"}],"curies":[{"name":"wp","href":"https:\/\/api.w.org\/{rel}","templated":true}]}}