{"id":1176,"date":"2025-04-18T07:23:23","date_gmt":"2025-04-18T05:23:23","guid":{"rendered":"https:\/\/www.regionalis.shop\/kleines-wundertuetchen\/product\/stickrahmen-freunde-sind-wie-sterne\/"},"modified":"2025-04-18T07:23:23","modified_gmt":"2025-04-18T05:23:23","slug":"stickrahmen-freunde-sind-wie-sterne","status":"publish","type":"product","link":"https:\/\/www.regionalis.shop\/kleines-wundertuetchen\/shop\/stickrahmen-freunde-sind-wie-sterne\/","title":{"rendered":"Stickrahmen \u201eFreunde sind wie Sterne\u201c"},"content":{"rendered":"<p>Stickrahmen \u201eFreunde sind wie Sterne &#8230;\u201c (Blumendekoration nicht miteinbegriffen, nur f\u00fcr den Innenbereichen vorgesehen.)<\/p>\n<p>Gr\u00f6\u00dfe: Durchmesser ~30 cm <\/p>\n<p>Der Stickrahmen eignet sich perfekt f\u00fcr den Eingangsbereich. Auf Wunsch kann dieser individualisiert werden und findet somit in jeden Raum Platz.<\/p>\n","protected":false},"excerpt":{"rendered":"<p>Stickrahmen \u201eFreunde sind wie Sterne &#8230;\u201c (Blumendekoration nicht miteinbegriffen, nur f\u00fcr den Innenbereichen vorgesehen.) Gr\u00f6\u00dfe: Durchmesser ~30 cm Der Stickrahmen eignet sich perfekt f\u00fcr den Eingangsbereich. Auf Wunsch kann dieser individualisiert werden und findet somit in jeden Raum Platz.<\/p>\n","protected":false},"featured_media":1177,"template":"","meta":{"_acf_changed":false},"product_brand":[],"product_cat":[174,103],"product_tag":[],"class_list":{"0":"post-1176","1":"product","2":"type-product","3":"status-publish","4":"has-post-thumbnail","6":"product_cat-wohndekoration","7":"product_cat-wohnen-deko","9":"first","10":"instock","11":"purchasable","12":"product-type-simple"},"acf":[],"_links":{"self":[{"href":"https:\/\/www.regionalis.shop\/kleines-wundertuetchen\/wp-json\/wp\/v2\/product\/1176","targetHints":{"allow":["GET"]}}],"collection":[{"href":"https:\/\/www.regionalis.shop\/kleines-wundertuetchen\/wp-json\/wp\/v2\/product"}],"about":[{"href":"https:\/\/www.regionalis.shop\/kleines-wundertuetchen\/wp-json\/wp\/v2\/types\/product"}],"wp:featuredmedia":[{"embeddable":true,"href":"https:\/\/www.regionalis.shop\/kleines-wundertuetchen\/wp-json\/wp\/v2\/media\/1177"}],"wp:attachment":[{"href":"https:\/\/www.regionalis.shop\/kleines-wundertuetchen\/wp-json\/wp\/v2\/media?parent=1176"}],"wp:term":[{"taxonomy":"product_brand","embeddable":true,"href":"https:\/\/www.regionalis.shop\/kleines-wundertuetchen\/wp-json\/wp\/v2\/product_brand?post=1176"},{"taxonomy":"product_cat","embeddable":true,"href":"https:\/\/www.regionalis.shop\/kleines-wundertuetchen\/wp-json\/wp\/v2\/product_cat?post=1176"},{"taxonomy":"product_tag","embeddable":true,"href":"https:\/\/www.regionalis.shop\/kleines-wundertuetchen\/wp-json\/wp\/v2\/product_tag?post=1176"}],"curies":[{"name":"wp","href":"https:\/\/api.w.org\/{rel}","templated":true}]}}