{"id":1178,"date":"2025-04-18T07:23:06","date_gmt":"2025-04-18T05:23:06","guid":{"rendered":"https:\/\/www.regionalis.shop\/kleines-wundertuetchen\/product\/kartonschachtel-das-groesste-glueck\/"},"modified":"2025-04-18T07:23:06","modified_gmt":"2025-04-18T05:23:06","slug":"kartonschachtel-das-groesste-glueck","status":"publish","type":"product","link":"https:\/\/www.regionalis.shop\/kleines-wundertuetchen\/shop\/kartonschachtel-das-groesste-glueck\/","title":{"rendered":"Kartonschachtel \u201eDas gr\u00f6\u00dfte Gl\u00fcck\u201c"},"content":{"rendered":"<p>Naturfaserschachtel \u201eDas gro\u00dfe Gl\u00fcck\u201c<\/p>\n<p>Ma\u00dfe: 185x108x68mm, 500g<br \/>\nFarbe:\tnatur<br \/>\nMaterial: Naturfaser<\/p>\n<p>Die Box eignet sich perfekt, um kleine Mitbringsel, Gutscheine oder sonstige Geschenke liebevoll und besonders zu verpacken.<\/p>\n","protected":false},"excerpt":{"rendered":"<p>Naturfaserschachtel \u201eDas gro\u00dfe Gl\u00fcck\u201c Ma\u00dfe: 185x108x68mm, 500g Farbe: natur Material: Naturfaser Die Box eignet sich perfekt, um kleine Mitbringsel, Gutscheine oder sonstige Geschenke liebevoll und besonders zu verpacken.<\/p>\n","protected":false},"featured_media":1179,"template":"","meta":{"_acf_changed":false},"product_brand":[],"product_cat":[162,83],"product_tag":[],"class_list":{"0":"post-1178","1":"product","2":"type-product","3":"status-publish","4":"has-post-thumbnail","6":"product_cat-null","7":"product_cat-sonstiges","9":"first","10":"instock","11":"purchasable","12":"product-type-simple"},"acf":[],"_links":{"self":[{"href":"https:\/\/www.regionalis.shop\/kleines-wundertuetchen\/wp-json\/wp\/v2\/product\/1178","targetHints":{"allow":["GET"]}}],"collection":[{"href":"https:\/\/www.regionalis.shop\/kleines-wundertuetchen\/wp-json\/wp\/v2\/product"}],"about":[{"href":"https:\/\/www.regionalis.shop\/kleines-wundertuetchen\/wp-json\/wp\/v2\/types\/product"}],"wp:featuredmedia":[{"embeddable":true,"href":"https:\/\/www.regionalis.shop\/kleines-wundertuetchen\/wp-json\/wp\/v2\/media\/1179"}],"wp:attachment":[{"href":"https:\/\/www.regionalis.shop\/kleines-wundertuetchen\/wp-json\/wp\/v2\/media?parent=1178"}],"wp:term":[{"taxonomy":"product_brand","embeddable":true,"href":"https:\/\/www.regionalis.shop\/kleines-wundertuetchen\/wp-json\/wp\/v2\/product_brand?post=1178"},{"taxonomy":"product_cat","embeddable":true,"href":"https:\/\/www.regionalis.shop\/kleines-wundertuetchen\/wp-json\/wp\/v2\/product_cat?post=1178"},{"taxonomy":"product_tag","embeddable":true,"href":"https:\/\/www.regionalis.shop\/kleines-wundertuetchen\/wp-json\/wp\/v2\/product_tag?post=1178"}],"curies":[{"name":"wp","href":"https:\/\/api.w.org\/{rel}","templated":true}]}}