{"id":1196,"date":"2025-04-18T07:19:05","date_gmt":"2025-04-18T05:19:05","guid":{"rendered":"https:\/\/www.regionalis.shop\/kleines-wundertuetchen\/product\/geschirrtuch-prosecco-kaltstellen\/"},"modified":"2025-04-18T07:19:05","modified_gmt":"2025-04-18T05:19:05","slug":"geschirrtuch-prosecco-kaltstellen","status":"publish","type":"product","link":"https:\/\/www.regionalis.shop\/kleines-wundertuetchen\/shop\/geschirrtuch-prosecco-kaltstellen\/","title":{"rendered":"Geschirrtuch \u201eProsecco kaltstellen \u2026\u201c"},"content":{"rendered":"<p>Geschirrtuch \u201eProsecco kaltstellen ist auch irgendwie kochen.\u201c<\/p>\n<p>100 % Baumwolle<br \/>\nFarbe: weiss<br \/>\nMa\u00dfe: 50 x 70 cm <\/p>\n<p>Gerne individualisierbar. <\/p>\n<p>Eignet sich perfekt als Mitbringsel f\u00fcr die n\u00e4chste Einladung, als Einweihungsgeschenk, f\u00fcr eine liebe Freundin, Mama, Oma oder zum einfach selbst behalten.<\/p>\n","protected":false},"excerpt":{"rendered":"<p>Geschirrtuch \u201eProsecco kaltstellen ist auch irgendwie kochen.\u201c 100 % Baumwolle Farbe: weiss Ma\u00dfe: 50 x 70 cm Gerne individualisierbar. Eignet sich perfekt als Mitbringsel f\u00fcr die n\u00e4chste Einladung, als Einweihungsgeschenk, f\u00fcr eine liebe Freundin, Mama, Oma oder zum einfach selbst behalten.<\/p>\n","protected":false},"featured_media":1197,"template":"","meta":{"_acf_changed":false},"product_brand":[],"product_cat":[103,104],"product_tag":[],"class_list":{"0":"post-1196","1":"product","2":"type-product","3":"status-publish","4":"has-post-thumbnail","6":"product_cat-wohnen-deko","7":"product_cat-wohntextilien","9":"first","10":"instock","11":"purchasable","12":"product-type-simple"},"acf":[],"_links":{"self":[{"href":"https:\/\/www.regionalis.shop\/kleines-wundertuetchen\/wp-json\/wp\/v2\/product\/1196","targetHints":{"allow":["GET"]}}],"collection":[{"href":"https:\/\/www.regionalis.shop\/kleines-wundertuetchen\/wp-json\/wp\/v2\/product"}],"about":[{"href":"https:\/\/www.regionalis.shop\/kleines-wundertuetchen\/wp-json\/wp\/v2\/types\/product"}],"wp:featuredmedia":[{"embeddable":true,"href":"https:\/\/www.regionalis.shop\/kleines-wundertuetchen\/wp-json\/wp\/v2\/media\/1197"}],"wp:attachment":[{"href":"https:\/\/www.regionalis.shop\/kleines-wundertuetchen\/wp-json\/wp\/v2\/media?parent=1196"}],"wp:term":[{"taxonomy":"product_brand","embeddable":true,"href":"https:\/\/www.regionalis.shop\/kleines-wundertuetchen\/wp-json\/wp\/v2\/product_brand?post=1196"},{"taxonomy":"product_cat","embeddable":true,"href":"https:\/\/www.regionalis.shop\/kleines-wundertuetchen\/wp-json\/wp\/v2\/product_cat?post=1196"},{"taxonomy":"product_tag","embeddable":true,"href":"https:\/\/www.regionalis.shop\/kleines-wundertuetchen\/wp-json\/wp\/v2\/product_tag?post=1196"}],"curies":[{"name":"wp","href":"https:\/\/api.w.org\/{rel}","templated":true}]}}