{"id":1204,"date":"2025-04-18T07:19:05","date_gmt":"2025-04-18T05:19:05","guid":{"rendered":"https:\/\/www.regionalis.shop\/kleines-wundertuetchen\/product\/jumbo-jute-shopping-is-my-cardio\/"},"modified":"2025-04-18T07:19:05","modified_gmt":"2025-04-18T05:19:05","slug":"jumbo-jute-shopping-is-my-cardio","status":"publish","type":"product","link":"https:\/\/www.regionalis.shop\/kleines-wundertuetchen\/shop\/jumbo-jute-shopping-is-my-cardio\/","title":{"rendered":"Jumbo Jute \u201eShopping is my Cardio\u201c"},"content":{"rendered":"<p>Jumbo Jute Tasche \u201eShopping is my Cardio\u201c<br \/>\n100 % Jute <\/p>\n<p>Ma\u00dfe  39x45x21 cm<br \/>\nHenkell\u00e4nge: ca. 37 cm | Volumen: ca. 29 Liter<\/p>\n<p>Eine Jutetasche &#8211; perfekt zum Verschenken oder selbst behalten. Das T\u00e4schchen ist eine liebevolle Aufmerksamkeit und kann auch individualisiert werden. <\/p>\n<p>Mit dieser Jutetasche k\u00f6nnen problemlos Gegenst\u00e4nde getragen werden. Sie ist sehr widerstandsf\u00e4hig und hat zwei Baumwollgriffe f\u00fcr einen einfachen Transport. <\/p>\n<p>Die gesamte Tasche ist aus Sackleinen, mit Ausnahme der Griffe aus Baumwolle.<\/p>\n","protected":false},"excerpt":{"rendered":"<p>Jumbo Jute Tasche \u201eShopping is my Cardio\u201c 100 % Jute Ma\u00dfe 39x45x21 cm Henkell\u00e4nge: ca. 37 cm | Volumen: ca. 29 Liter Eine Jutetasche &#8211; perfekt zum Verschenken oder selbst behalten. Das T\u00e4schchen ist eine liebevolle Aufmerksamkeit und kann auch individualisiert werden. Mit dieser Jutetasche k\u00f6nnen problemlos Gegenst\u00e4nde getragen werden. Sie ist sehr widerstandsf\u00e4hig und &hellip; <a href=\"https:\/\/www.regionalis.shop\/kleines-wundertuetchen\/shop\/jumbo-jute-shopping-is-my-cardio\/\">Continued<\/a><\/p>\n","protected":false},"featured_media":1205,"template":"","meta":{"_acf_changed":false},"product_brand":[],"product_cat":[171,95],"product_tag":[],"class_list":{"0":"post-1204","1":"product","2":"type-product","3":"status-publish","4":"has-post-thumbnail","6":"product_cat-stoffsackerl-einkaufstaschen","7":"product_cat-taschen","9":"first","10":"instock","11":"purchasable","12":"product-type-simple"},"acf":[],"_links":{"self":[{"href":"https:\/\/www.regionalis.shop\/kleines-wundertuetchen\/wp-json\/wp\/v2\/product\/1204","targetHints":{"allow":["GET"]}}],"collection":[{"href":"https:\/\/www.regionalis.shop\/kleines-wundertuetchen\/wp-json\/wp\/v2\/product"}],"about":[{"href":"https:\/\/www.regionalis.shop\/kleines-wundertuetchen\/wp-json\/wp\/v2\/types\/product"}],"wp:featuredmedia":[{"embeddable":true,"href":"https:\/\/www.regionalis.shop\/kleines-wundertuetchen\/wp-json\/wp\/v2\/media\/1205"}],"wp:attachment":[{"href":"https:\/\/www.regionalis.shop\/kleines-wundertuetchen\/wp-json\/wp\/v2\/media?parent=1204"}],"wp:term":[{"taxonomy":"product_brand","embeddable":true,"href":"https:\/\/www.regionalis.shop\/kleines-wundertuetchen\/wp-json\/wp\/v2\/product_brand?post=1204"},{"taxonomy":"product_cat","embeddable":true,"href":"https:\/\/www.regionalis.shop\/kleines-wundertuetchen\/wp-json\/wp\/v2\/product_cat?post=1204"},{"taxonomy":"product_tag","embeddable":true,"href":"https:\/\/www.regionalis.shop\/kleines-wundertuetchen\/wp-json\/wp\/v2\/product_tag?post=1204"}],"curies":[{"name":"wp","href":"https:\/\/api.w.org\/{rel}","templated":true}]}}