{"id":1226,"date":"2025-04-18T06:47:22","date_gmt":"2025-04-18T04:47:22","guid":{"rendered":"https:\/\/www.regionalis.shop\/kleines-wundertuetchen\/product\/stickrahmen-der-schoenste-weg\/"},"modified":"2025-04-18T06:47:22","modified_gmt":"2025-04-18T04:47:22","slug":"stickrahmen-der-schoenste-weg","status":"publish","type":"product","link":"https:\/\/www.regionalis.shop\/kleines-wundertuetchen\/shop\/stickrahmen-der-schoenste-weg\/","title":{"rendered":"Stickrahmen \u201eDer sch\u00f6nste Weg\u201c"},"content":{"rendered":"<p>Stickrahmen \u201eDer sch\u00f6nste Weg ist der gemeinsame.\u201c (Blumendekoration nicht miteinbegriffen, nur f\u00fcr den Innenbereichen vorgesehen.)<\/p>\n<p>Gr\u00f6\u00dfe: Durchmesser ~30 cm <\/p>\n<p>Der Stickrahmen eignet sich perfekt f\u00fcr den Eingangsbereich. Auf Wunsch kann dieser individualisiert werden und findet somit in jeden Raum Platz.<\/p>\n","protected":false},"excerpt":{"rendered":"<p>Stickrahmen \u201eDer sch\u00f6nste Weg ist der gemeinsame.\u201c (Blumendekoration nicht miteinbegriffen, nur f\u00fcr den Innenbereichen vorgesehen.) Gr\u00f6\u00dfe: Durchmesser ~30 cm Der Stickrahmen eignet sich perfekt f\u00fcr den Eingangsbereich. Auf Wunsch kann dieser individualisiert werden und findet somit in jeden Raum Platz.<\/p>\n","protected":false},"featured_media":1227,"template":"","meta":{"_acf_changed":false},"product_brand":[],"product_cat":[174,103],"product_tag":[],"class_list":{"0":"post-1226","1":"product","2":"type-product","3":"status-publish","4":"has-post-thumbnail","6":"product_cat-wohndekoration","7":"product_cat-wohnen-deko","9":"first","10":"instock","11":"purchasable","12":"product-type-simple"},"acf":[],"_links":{"self":[{"href":"https:\/\/www.regionalis.shop\/kleines-wundertuetchen\/wp-json\/wp\/v2\/product\/1226","targetHints":{"allow":["GET"]}}],"collection":[{"href":"https:\/\/www.regionalis.shop\/kleines-wundertuetchen\/wp-json\/wp\/v2\/product"}],"about":[{"href":"https:\/\/www.regionalis.shop\/kleines-wundertuetchen\/wp-json\/wp\/v2\/types\/product"}],"wp:featuredmedia":[{"embeddable":true,"href":"https:\/\/www.regionalis.shop\/kleines-wundertuetchen\/wp-json\/wp\/v2\/media\/1227"}],"wp:attachment":[{"href":"https:\/\/www.regionalis.shop\/kleines-wundertuetchen\/wp-json\/wp\/v2\/media?parent=1226"}],"wp:term":[{"taxonomy":"product_brand","embeddable":true,"href":"https:\/\/www.regionalis.shop\/kleines-wundertuetchen\/wp-json\/wp\/v2\/product_brand?post=1226"},{"taxonomy":"product_cat","embeddable":true,"href":"https:\/\/www.regionalis.shop\/kleines-wundertuetchen\/wp-json\/wp\/v2\/product_cat?post=1226"},{"taxonomy":"product_tag","embeddable":true,"href":"https:\/\/www.regionalis.shop\/kleines-wundertuetchen\/wp-json\/wp\/v2\/product_tag?post=1226"}],"curies":[{"name":"wp","href":"https:\/\/api.w.org\/{rel}","templated":true}]}}