{"id":1256,"date":"2025-04-18T05:48:42","date_gmt":"2025-04-18T03:48:42","guid":{"rendered":"https:\/\/www.regionalis.shop\/kleines-wundertuetchen\/product\/baumwollshopper-motherhood\/"},"modified":"2025-04-18T05:48:42","modified_gmt":"2025-04-18T03:48:42","slug":"baumwollshopper-motherhood","status":"publish","type":"product","link":"https:\/\/www.regionalis.shop\/kleines-wundertuetchen\/shop\/baumwollshopper-motherhood\/","title":{"rendered":"Baumwollshopper \u201eMotherhood\u201c"},"content":{"rendered":"<p>Der breite Baumwollshopper f\u00fcr die beste Mama oder als Geschenk an sich selbst. \u2026 ein perfekter Begleiter f\u00fcr den n\u00e4chsten Shopping Trip, f\u00fcrs Studium, die Arbeit, (\u2026)<\/p>\n<p>Gr\u00f6\u00dfe 35x39x13,5 cm<br \/>\nlange Henkel<\/p>\n<p>Die Tasche ist auch individualisierbar.<\/p>\n","protected":false},"excerpt":{"rendered":"<p>Der breite Baumwollshopper f\u00fcr die beste Mama oder als Geschenk an sich selbst. \u2026 ein perfekter Begleiter f\u00fcr den n\u00e4chsten Shopping Trip, f\u00fcrs Studium, die Arbeit, (\u2026) Gr\u00f6\u00dfe 35x39x13,5 cm lange Henkel Die Tasche ist auch individualisierbar.<\/p>\n","protected":false},"featured_media":1257,"template":"","meta":{"_acf_changed":false},"product_brand":[],"product_cat":[168,95],"product_tag":[],"class_list":{"0":"post-1256","1":"product","2":"type-product","3":"status-publish","4":"has-post-thumbnail","6":"product_cat-sonstiges-taschen","7":"product_cat-taschen","9":"first","10":"instock","11":"purchasable","12":"product-type-simple"},"acf":[],"_links":{"self":[{"href":"https:\/\/www.regionalis.shop\/kleines-wundertuetchen\/wp-json\/wp\/v2\/product\/1256","targetHints":{"allow":["GET"]}}],"collection":[{"href":"https:\/\/www.regionalis.shop\/kleines-wundertuetchen\/wp-json\/wp\/v2\/product"}],"about":[{"href":"https:\/\/www.regionalis.shop\/kleines-wundertuetchen\/wp-json\/wp\/v2\/types\/product"}],"wp:featuredmedia":[{"embeddable":true,"href":"https:\/\/www.regionalis.shop\/kleines-wundertuetchen\/wp-json\/wp\/v2\/media\/1257"}],"wp:attachment":[{"href":"https:\/\/www.regionalis.shop\/kleines-wundertuetchen\/wp-json\/wp\/v2\/media?parent=1256"}],"wp:term":[{"taxonomy":"product_brand","embeddable":true,"href":"https:\/\/www.regionalis.shop\/kleines-wundertuetchen\/wp-json\/wp\/v2\/product_brand?post=1256"},{"taxonomy":"product_cat","embeddable":true,"href":"https:\/\/www.regionalis.shop\/kleines-wundertuetchen\/wp-json\/wp\/v2\/product_cat?post=1256"},{"taxonomy":"product_tag","embeddable":true,"href":"https:\/\/www.regionalis.shop\/kleines-wundertuetchen\/wp-json\/wp\/v2\/product_tag?post=1256"}],"curies":[{"name":"wp","href":"https:\/\/api.w.org\/{rel}","templated":true}]}}