{"id":1261,"date":"2025-04-18T05:41:24","date_gmt":"2025-04-18T03:41:24","guid":{"rendered":"https:\/\/www.regionalis.shop\/kleines-wundertuetchen\/product\/baumwollbeutel-gruss-vom-osterhasen\/"},"modified":"2025-04-18T05:41:24","modified_gmt":"2025-04-18T03:41:24","slug":"baumwollbeutel-gruss-vom-osterhasen","status":"publish","type":"product","link":"https:\/\/www.regionalis.shop\/kleines-wundertuetchen\/shop\/baumwollbeutel-gruss-vom-osterhasen\/","title":{"rendered":"Baumwollbeutel \u201eGru\u00df vom Osterhasen\u201c"},"content":{"rendered":"<p>Ein s\u00fc\u00dfer Baumwollbeutel f\u00fcr kleine Ostergeschenke, Gutscheine, S\u00fc\u00dfes \u2026 ein Mitbringsel zum Osterfest oder aber auch ein netter Gru\u00df f\u00fcr KollegInnen, Nachbarn, P\u00e4dagogen.  <\/p>\n<p>Der Beutel ist ideal als Geschenks-\/ oder Gutschein Verpackung. Hier hat eine Kleinigkeit bestens Platz. Der Beutel ist auf Wunsch individualisierbar. <\/p>\n<p>Gr\u00f6\u00dfe 14&#215;20,5 cm<\/p>\n","protected":false},"excerpt":{"rendered":"<p>Ein s\u00fc\u00dfer Baumwollbeutel f\u00fcr kleine Ostergeschenke, Gutscheine, S\u00fc\u00dfes \u2026 ein Mitbringsel zum Osterfest oder aber auch ein netter Gru\u00df f\u00fcr KollegInnen, Nachbarn, P\u00e4dagogen. Der Beutel ist ideal als Geschenks-\/ oder Gutschein Verpackung. Hier hat eine Kleinigkeit bestens Platz. Der Beutel ist auf Wunsch individualisierbar. Gr\u00f6\u00dfe 14&#215;20,5 cm<\/p>\n","protected":false},"featured_media":1262,"template":"","meta":{"_acf_changed":false},"product_brand":[],"product_cat":[168,95],"product_tag":[],"class_list":{"0":"post-1261","1":"product","2":"type-product","3":"status-publish","4":"has-post-thumbnail","6":"product_cat-sonstiges-taschen","7":"product_cat-taschen","9":"first","10":"instock","11":"purchasable","12":"product-type-simple"},"acf":[],"_links":{"self":[{"href":"https:\/\/www.regionalis.shop\/kleines-wundertuetchen\/wp-json\/wp\/v2\/product\/1261","targetHints":{"allow":["GET"]}}],"collection":[{"href":"https:\/\/www.regionalis.shop\/kleines-wundertuetchen\/wp-json\/wp\/v2\/product"}],"about":[{"href":"https:\/\/www.regionalis.shop\/kleines-wundertuetchen\/wp-json\/wp\/v2\/types\/product"}],"wp:featuredmedia":[{"embeddable":true,"href":"https:\/\/www.regionalis.shop\/kleines-wundertuetchen\/wp-json\/wp\/v2\/media\/1262"}],"wp:attachment":[{"href":"https:\/\/www.regionalis.shop\/kleines-wundertuetchen\/wp-json\/wp\/v2\/media?parent=1261"}],"wp:term":[{"taxonomy":"product_brand","embeddable":true,"href":"https:\/\/www.regionalis.shop\/kleines-wundertuetchen\/wp-json\/wp\/v2\/product_brand?post=1261"},{"taxonomy":"product_cat","embeddable":true,"href":"https:\/\/www.regionalis.shop\/kleines-wundertuetchen\/wp-json\/wp\/v2\/product_cat?post=1261"},{"taxonomy":"product_tag","embeddable":true,"href":"https:\/\/www.regionalis.shop\/kleines-wundertuetchen\/wp-json\/wp\/v2\/product_tag?post=1261"}],"curies":[{"name":"wp","href":"https:\/\/api.w.org\/{rel}","templated":true}]}}