{"id":1265,"date":"2025-04-18T05:41:24","date_gmt":"2025-04-18T03:41:24","guid":{"rendered":"https:\/\/www.regionalis.shop\/kleines-wundertuetchen\/product\/jutebeutel-gruss-vom-osterhasen\/"},"modified":"2025-04-18T05:41:24","modified_gmt":"2025-04-18T03:41:24","slug":"jutebeutel-gruss-vom-osterhasen","status":"publish","type":"product","link":"https:\/\/www.regionalis.shop\/kleines-wundertuetchen\/shop\/jutebeutel-gruss-vom-osterhasen\/","title":{"rendered":"Jutebeutel \u201eGru\u00df vom Osterhasen\u201c"},"content":{"rendered":"<p>Ein s\u00fc\u00dfes Ostersackerl, das den kleinen und gro\u00dfen Kindern bestimmt ein L\u00e4cheln ins Gesicht zaubert. <\/p>\n<p>Gr\u00f6\u00dfe 23&#215;34 cm<\/p>\n<p>Der Beutel eignet sich ideal als Geschenks-\/ oder Gutschein Verpackung, auch S\u00fc\u00dfigkeiten finden hier perfekt Platz.<\/p>\n","protected":false},"excerpt":{"rendered":"<p>Ein s\u00fc\u00dfes Ostersackerl, das den kleinen und gro\u00dfen Kindern bestimmt ein L\u00e4cheln ins Gesicht zaubert. Gr\u00f6\u00dfe 23&#215;34 cm Der Beutel eignet sich ideal als Geschenks-\/ oder Gutschein Verpackung, auch S\u00fc\u00dfigkeiten finden hier perfekt Platz.<\/p>\n","protected":false},"featured_media":1266,"template":"","meta":{"_acf_changed":false},"product_brand":[],"product_cat":[168,95],"product_tag":[],"class_list":{"0":"post-1265","1":"product","2":"type-product","3":"status-publish","4":"has-post-thumbnail","6":"product_cat-sonstiges-taschen","7":"product_cat-taschen","9":"first","10":"instock","11":"purchasable","12":"product-type-simple"},"acf":[],"_links":{"self":[{"href":"https:\/\/www.regionalis.shop\/kleines-wundertuetchen\/wp-json\/wp\/v2\/product\/1265","targetHints":{"allow":["GET"]}}],"collection":[{"href":"https:\/\/www.regionalis.shop\/kleines-wundertuetchen\/wp-json\/wp\/v2\/product"}],"about":[{"href":"https:\/\/www.regionalis.shop\/kleines-wundertuetchen\/wp-json\/wp\/v2\/types\/product"}],"wp:featuredmedia":[{"embeddable":true,"href":"https:\/\/www.regionalis.shop\/kleines-wundertuetchen\/wp-json\/wp\/v2\/media\/1266"}],"wp:attachment":[{"href":"https:\/\/www.regionalis.shop\/kleines-wundertuetchen\/wp-json\/wp\/v2\/media?parent=1265"}],"wp:term":[{"taxonomy":"product_brand","embeddable":true,"href":"https:\/\/www.regionalis.shop\/kleines-wundertuetchen\/wp-json\/wp\/v2\/product_brand?post=1265"},{"taxonomy":"product_cat","embeddable":true,"href":"https:\/\/www.regionalis.shop\/kleines-wundertuetchen\/wp-json\/wp\/v2\/product_cat?post=1265"},{"taxonomy":"product_tag","embeddable":true,"href":"https:\/\/www.regionalis.shop\/kleines-wundertuetchen\/wp-json\/wp\/v2\/product_tag?post=1265"}],"curies":[{"name":"wp","href":"https:\/\/api.w.org\/{rel}","templated":true}]}}