{"id":1269,"date":"2025-04-18T05:41:24","date_gmt":"2025-04-18T03:41:24","guid":{"rendered":"https:\/\/www.regionalis.shop\/kleines-wundertuetchen\/product\/mini-jute-osterhase\/"},"modified":"2025-04-18T05:41:24","modified_gmt":"2025-04-18T03:41:24","slug":"mini-jute-osterhase","status":"publish","type":"product","link":"https:\/\/www.regionalis.shop\/kleines-wundertuetchen\/shop\/mini-jute-osterhase\/","title":{"rendered":"Mini Jute \u201eOsterhase\u201c"},"content":{"rendered":"<p>Mini  Jute Tasche \u201eOsterhase\u201c<br \/>\nAuf Wunsch gerne mit dem Namen individualisierbar. <\/p>\n<p>Ma\u00dfe 26x22x14 cm<br \/>\nL\u00e4nge der Henkel 30 cm<\/p>\n<p>Mit dieser Tasche kann Ostern f\u00fcr die Kleinsten kommen. Als Osternest, zum Sammeln der Ostereier- und Geschenke oder als perfekte Geschenkverpackung verwendbar. Eine Jutetasche &#8211; perfekt zum Verschenken oder selbst behalten. Und nach dem Fest kann sie perfekt weiterverwendet werden. <\/p>\n<p>Mit dieser kleinen Jutetasche k\u00f6nnen problemlos kleine Gegenst\u00e4nde getragen werden. Sie ist leicht sehr widerstandsf\u00e4hig und hat zwei Baumwollgriffe f\u00fcr einen einfachen Transport. <\/p>\n<p>Die gesamte kleine Tasche ist aus Sackleinen, mit Ausnahme der Griffe aus Baumwolle.<\/p>\n","protected":false},"excerpt":{"rendered":"<p>Mini Jute Tasche \u201eOsterhase\u201c Auf Wunsch gerne mit dem Namen individualisierbar. Ma\u00dfe 26x22x14 cm L\u00e4nge der Henkel 30 cm Mit dieser Tasche kann Ostern f\u00fcr die Kleinsten kommen. Als Osternest, zum Sammeln der Ostereier- und Geschenke oder als perfekte Geschenkverpackung verwendbar. Eine Jutetasche &#8211; perfekt zum Verschenken oder selbst behalten. Und nach dem Fest kann &hellip; <a href=\"https:\/\/www.regionalis.shop\/kleines-wundertuetchen\/shop\/mini-jute-osterhase\/\">Continued<\/a><\/p>\n","protected":false},"featured_media":1270,"template":"","meta":{"_acf_changed":false},"product_brand":[],"product_cat":[171,95],"product_tag":[],"class_list":{"0":"post-1269","1":"product","2":"type-product","3":"status-publish","4":"has-post-thumbnail","6":"product_cat-stoffsackerl-einkaufstaschen","7":"product_cat-taschen","9":"first","10":"instock","11":"purchasable","12":"product-type-simple"},"acf":[],"_links":{"self":[{"href":"https:\/\/www.regionalis.shop\/kleines-wundertuetchen\/wp-json\/wp\/v2\/product\/1269","targetHints":{"allow":["GET"]}}],"collection":[{"href":"https:\/\/www.regionalis.shop\/kleines-wundertuetchen\/wp-json\/wp\/v2\/product"}],"about":[{"href":"https:\/\/www.regionalis.shop\/kleines-wundertuetchen\/wp-json\/wp\/v2\/types\/product"}],"wp:featuredmedia":[{"embeddable":true,"href":"https:\/\/www.regionalis.shop\/kleines-wundertuetchen\/wp-json\/wp\/v2\/media\/1270"}],"wp:attachment":[{"href":"https:\/\/www.regionalis.shop\/kleines-wundertuetchen\/wp-json\/wp\/v2\/media?parent=1269"}],"wp:term":[{"taxonomy":"product_brand","embeddable":true,"href":"https:\/\/www.regionalis.shop\/kleines-wundertuetchen\/wp-json\/wp\/v2\/product_brand?post=1269"},{"taxonomy":"product_cat","embeddable":true,"href":"https:\/\/www.regionalis.shop\/kleines-wundertuetchen\/wp-json\/wp\/v2\/product_cat?post=1269"},{"taxonomy":"product_tag","embeddable":true,"href":"https:\/\/www.regionalis.shop\/kleines-wundertuetchen\/wp-json\/wp\/v2\/product_tag?post=1269"}],"curies":[{"name":"wp","href":"https:\/\/api.w.org\/{rel}","templated":true}]}}