{"id":1283,"date":"2025-04-18T04:37:41","date_gmt":"2025-04-18T02:37:41","guid":{"rendered":"https:\/\/www.regionalis.shop\/kleines-wundertuetchen\/product\/korkuntersetzer-cocktails\/"},"modified":"2025-04-18T04:37:41","modified_gmt":"2025-04-18T02:37:41","slug":"korkuntersetzer-cocktails","status":"publish","type":"product","link":"https:\/\/www.regionalis.shop\/kleines-wundertuetchen\/shop\/korkuntersetzer-cocktails\/","title":{"rendered":"Korkuntersetzer \u201eCocktails\u201c"},"content":{"rendered":"<p>Kork-Set  \u201eCocktails\u201c bestehend aus 4 Untersetzern.<\/p>\n<p>Die Untersetzer haben einen Durchmesser von 10cm und sind 2mm dick. Jeder Untersetzer ist aus hochwertigem, umweltfreundlichem Holzkork gefertigt. Diese kreisf\u00f6rmigen Untersetzer sind gro\u00df genug f\u00fcr Gl\u00e4ser und Tassen. Sie sind auf beiden Seiten gleich. Der Kork ist hitze- und feuchtigkeitsbest\u00e4ndig, was ihn f\u00fcr hei\u00dfe und f\u00fcr kalte Getr\u00e4nke perfekt macht. Sie k\u00f6nnen leicht mit einem feuchten Tuch gereinigt werden.<\/p>\n","protected":false},"excerpt":{"rendered":"<p>Kork-Set \u201eCocktails\u201c bestehend aus 4 Untersetzern. Die Untersetzer haben einen Durchmesser von 10cm und sind 2mm dick. Jeder Untersetzer ist aus hochwertigem, umweltfreundlichem Holzkork gefertigt. Diese kreisf\u00f6rmigen Untersetzer sind gro\u00df genug f\u00fcr Gl\u00e4ser und Tassen. Sie sind auf beiden Seiten gleich. Der Kork ist hitze- und feuchtigkeitsbest\u00e4ndig, was ihn f\u00fcr hei\u00dfe und f\u00fcr kalte Getr\u00e4nke &hellip; <a href=\"https:\/\/www.regionalis.shop\/kleines-wundertuetchen\/shop\/korkuntersetzer-cocktails\/\">Continued<\/a><\/p>\n","protected":false},"featured_media":1284,"template":"","meta":{"_acf_changed":false},"product_brand":[],"product_cat":[174,103],"product_tag":[],"class_list":{"0":"post-1283","1":"product","2":"type-product","3":"status-publish","4":"has-post-thumbnail","6":"product_cat-wohndekoration","7":"product_cat-wohnen-deko","9":"first","10":"instock","11":"purchasable","12":"product-type-simple"},"acf":[],"_links":{"self":[{"href":"https:\/\/www.regionalis.shop\/kleines-wundertuetchen\/wp-json\/wp\/v2\/product\/1283","targetHints":{"allow":["GET"]}}],"collection":[{"href":"https:\/\/www.regionalis.shop\/kleines-wundertuetchen\/wp-json\/wp\/v2\/product"}],"about":[{"href":"https:\/\/www.regionalis.shop\/kleines-wundertuetchen\/wp-json\/wp\/v2\/types\/product"}],"wp:featuredmedia":[{"embeddable":true,"href":"https:\/\/www.regionalis.shop\/kleines-wundertuetchen\/wp-json\/wp\/v2\/media\/1284"}],"wp:attachment":[{"href":"https:\/\/www.regionalis.shop\/kleines-wundertuetchen\/wp-json\/wp\/v2\/media?parent=1283"}],"wp:term":[{"taxonomy":"product_brand","embeddable":true,"href":"https:\/\/www.regionalis.shop\/kleines-wundertuetchen\/wp-json\/wp\/v2\/product_brand?post=1283"},{"taxonomy":"product_cat","embeddable":true,"href":"https:\/\/www.regionalis.shop\/kleines-wundertuetchen\/wp-json\/wp\/v2\/product_cat?post=1283"},{"taxonomy":"product_tag","embeddable":true,"href":"https:\/\/www.regionalis.shop\/kleines-wundertuetchen\/wp-json\/wp\/v2\/product_tag?post=1283"}],"curies":[{"name":"wp","href":"https:\/\/api.w.org\/{rel}","templated":true}]}}