{"id":1292,"date":"2025-04-18T04:28:59","date_gmt":"2025-04-18T02:28:59","guid":{"rendered":"https:\/\/www.regionalis.shop\/kleines-wundertuetchen\/product\/nikolo-weihnachtssocke\/"},"modified":"2025-04-18T04:28:59","modified_gmt":"2025-04-18T02:28:59","slug":"nikolo-weihnachtssocke","status":"publish","type":"product","link":"https:\/\/www.regionalis.shop\/kleines-wundertuetchen\/shop\/nikolo-weihnachtssocke\/","title":{"rendered":"Nikolo-\/ Weihnachtssocke"},"content":{"rendered":"<p>Ein s\u00fc\u00dfer Strumpf, perfekt zum Verschenken der Nikolo- oder Weihnachtsgeschenke. Dieser zaubert bestimmt den kleinen und gro\u00dfen Kindern ein L\u00e4cheln ins Gesicht. <\/p>\n<p>H\u00f6he ~39 cm<br \/>\nGerne kann der Stiefel mit dem Namen personalisiert werden. Der Socke kann mit oder ohne Streifen gefertigt werden.<\/p>\n","protected":false},"excerpt":{"rendered":"<p>Ein s\u00fc\u00dfer Strumpf, perfekt zum Verschenken der Nikolo- oder Weihnachtsgeschenke. Dieser zaubert bestimmt den kleinen und gro\u00dfen Kindern ein L\u00e4cheln ins Gesicht. H\u00f6he ~39 cm Gerne kann der Stiefel mit dem Namen personalisiert werden. Der Socke kann mit oder ohne Streifen gefertigt werden.<\/p>\n","protected":false},"featured_media":1293,"template":"","meta":{"_acf_changed":false},"product_brand":[],"product_cat":[168,95],"product_tag":[],"class_list":{"0":"post-1292","1":"product","2":"type-product","3":"status-publish","4":"has-post-thumbnail","6":"product_cat-sonstiges-taschen","7":"product_cat-taschen","9":"first","10":"instock","11":"purchasable","12":"product-type-simple"},"acf":[],"_links":{"self":[{"href":"https:\/\/www.regionalis.shop\/kleines-wundertuetchen\/wp-json\/wp\/v2\/product\/1292","targetHints":{"allow":["GET"]}}],"collection":[{"href":"https:\/\/www.regionalis.shop\/kleines-wundertuetchen\/wp-json\/wp\/v2\/product"}],"about":[{"href":"https:\/\/www.regionalis.shop\/kleines-wundertuetchen\/wp-json\/wp\/v2\/types\/product"}],"wp:featuredmedia":[{"embeddable":true,"href":"https:\/\/www.regionalis.shop\/kleines-wundertuetchen\/wp-json\/wp\/v2\/media\/1293"}],"wp:attachment":[{"href":"https:\/\/www.regionalis.shop\/kleines-wundertuetchen\/wp-json\/wp\/v2\/media?parent=1292"}],"wp:term":[{"taxonomy":"product_brand","embeddable":true,"href":"https:\/\/www.regionalis.shop\/kleines-wundertuetchen\/wp-json\/wp\/v2\/product_brand?post=1292"},{"taxonomy":"product_cat","embeddable":true,"href":"https:\/\/www.regionalis.shop\/kleines-wundertuetchen\/wp-json\/wp\/v2\/product_cat?post=1292"},{"taxonomy":"product_tag","embeddable":true,"href":"https:\/\/www.regionalis.shop\/kleines-wundertuetchen\/wp-json\/wp\/v2\/product_tag?post=1292"}],"curies":[{"name":"wp","href":"https:\/\/api.w.org\/{rel}","templated":true}]}}