{"id":1322,"date":"2025-04-18T03:54:57","date_gmt":"2025-04-18T01:54:57","guid":{"rendered":"https:\/\/www.regionalis.shop\/kleines-wundertuetchen\/product\/netztasche-when-life-gives-you\/"},"modified":"2025-04-18T03:54:57","modified_gmt":"2025-04-18T01:54:57","slug":"netztasche-when-life-gives-you","status":"publish","type":"product","link":"https:\/\/www.regionalis.shop\/kleines-wundertuetchen\/shop\/netztasche-when-life-gives-you\/","title":{"rendered":"Netztasche \u201eWhen Life gives you \u2026\u201c"},"content":{"rendered":"<p>Die Netztasche aus Bio-Baumwolle ist ideal f\u00fcr ungezwungene Ausfl\u00fcge mit Freunden oder zum Einkaufen.<\/p>\n<p>Diese Tasche kann ein Gewicht von bis zu 6 kg tragen. <\/p>\n<p>Farbe: schwarz<br \/>\nMa\u00dfe: 38&#215;41 cm<br \/>\nGriffl\u00e4nge: 61 cm<\/p>\n<p>Individualisierung m\u00f6glich<\/p>\n","protected":false},"excerpt":{"rendered":"<p>Die Netztasche aus Bio-Baumwolle ist ideal f\u00fcr ungezwungene Ausfl\u00fcge mit Freunden oder zum Einkaufen. Diese Tasche kann ein Gewicht von bis zu 6 kg tragen. Farbe: schwarz Ma\u00dfe: 38&#215;41 cm Griffl\u00e4nge: 61 cm Individualisierung m\u00f6glich<\/p>\n","protected":false},"featured_media":1323,"template":"","meta":{"_acf_changed":false},"product_brand":[],"product_cat":[168,95],"product_tag":[],"class_list":{"0":"post-1322","1":"product","2":"type-product","3":"status-publish","4":"has-post-thumbnail","6":"product_cat-sonstiges-taschen","7":"product_cat-taschen","9":"first","10":"instock","11":"purchasable","12":"product-type-simple"},"acf":[],"_links":{"self":[{"href":"https:\/\/www.regionalis.shop\/kleines-wundertuetchen\/wp-json\/wp\/v2\/product\/1322","targetHints":{"allow":["GET"]}}],"collection":[{"href":"https:\/\/www.regionalis.shop\/kleines-wundertuetchen\/wp-json\/wp\/v2\/product"}],"about":[{"href":"https:\/\/www.regionalis.shop\/kleines-wundertuetchen\/wp-json\/wp\/v2\/types\/product"}],"wp:featuredmedia":[{"embeddable":true,"href":"https:\/\/www.regionalis.shop\/kleines-wundertuetchen\/wp-json\/wp\/v2\/media\/1323"}],"wp:attachment":[{"href":"https:\/\/www.regionalis.shop\/kleines-wundertuetchen\/wp-json\/wp\/v2\/media?parent=1322"}],"wp:term":[{"taxonomy":"product_brand","embeddable":true,"href":"https:\/\/www.regionalis.shop\/kleines-wundertuetchen\/wp-json\/wp\/v2\/product_brand?post=1322"},{"taxonomy":"product_cat","embeddable":true,"href":"https:\/\/www.regionalis.shop\/kleines-wundertuetchen\/wp-json\/wp\/v2\/product_cat?post=1322"},{"taxonomy":"product_tag","embeddable":true,"href":"https:\/\/www.regionalis.shop\/kleines-wundertuetchen\/wp-json\/wp\/v2\/product_tag?post=1322"}],"curies":[{"name":"wp","href":"https:\/\/api.w.org\/{rel}","templated":true}]}}