{"id":1347,"date":"2025-04-18T03:39:35","date_gmt":"2025-04-18T01:39:35","guid":{"rendered":"https:\/\/www.regionalis.shop\/kleines-wundertuetchen\/product\/mini-jute-coffee-please\/"},"modified":"2025-04-18T03:39:35","modified_gmt":"2025-04-18T01:39:35","slug":"mini-jute-coffee-please","status":"publish","type":"product","link":"https:\/\/www.regionalis.shop\/kleines-wundertuetchen\/shop\/mini-jute-coffee-please\/","title":{"rendered":"Mini Jute \u201eCoffee please\u201c"},"content":{"rendered":"<p>Mini Jutetasche \u201eCoffee please\u201c<\/p>\n<p>Gr\u00f6\u00dfe 26x22x14 cm<br \/>\n35 cm runde Baumwollgriffe<br \/>\n6 l Volumen<br \/>\nInnen beschichtet <\/p>\n<p>Super s\u00fc\u00dfes Jutet\u00e4schchen zum Verschenken oder selbst behalten. Das T\u00e4schchen ist eine liebevolle Aufmerksamkeit und kann auch individualisiert werden.<\/p>\n","protected":false},"excerpt":{"rendered":"<p>Mini Jutetasche \u201eCoffee please\u201c Gr\u00f6\u00dfe 26x22x14 cm 35 cm runde Baumwollgriffe 6 l Volumen Innen beschichtet Super s\u00fc\u00dfes Jutet\u00e4schchen zum Verschenken oder selbst behalten. Das T\u00e4schchen ist eine liebevolle Aufmerksamkeit und kann auch individualisiert werden.<\/p>\n","protected":false},"featured_media":1348,"template":"","meta":{"_acf_changed":false},"product_brand":[],"product_cat":[171,95],"product_tag":[],"class_list":{"0":"post-1347","1":"product","2":"type-product","3":"status-publish","4":"has-post-thumbnail","6":"product_cat-stoffsackerl-einkaufstaschen","7":"product_cat-taschen","9":"first","10":"instock","11":"purchasable","12":"product-type-simple"},"acf":[],"_links":{"self":[{"href":"https:\/\/www.regionalis.shop\/kleines-wundertuetchen\/wp-json\/wp\/v2\/product\/1347","targetHints":{"allow":["GET"]}}],"collection":[{"href":"https:\/\/www.regionalis.shop\/kleines-wundertuetchen\/wp-json\/wp\/v2\/product"}],"about":[{"href":"https:\/\/www.regionalis.shop\/kleines-wundertuetchen\/wp-json\/wp\/v2\/types\/product"}],"wp:featuredmedia":[{"embeddable":true,"href":"https:\/\/www.regionalis.shop\/kleines-wundertuetchen\/wp-json\/wp\/v2\/media\/1348"}],"wp:attachment":[{"href":"https:\/\/www.regionalis.shop\/kleines-wundertuetchen\/wp-json\/wp\/v2\/media?parent=1347"}],"wp:term":[{"taxonomy":"product_brand","embeddable":true,"href":"https:\/\/www.regionalis.shop\/kleines-wundertuetchen\/wp-json\/wp\/v2\/product_brand?post=1347"},{"taxonomy":"product_cat","embeddable":true,"href":"https:\/\/www.regionalis.shop\/kleines-wundertuetchen\/wp-json\/wp\/v2\/product_cat?post=1347"},{"taxonomy":"product_tag","embeddable":true,"href":"https:\/\/www.regionalis.shop\/kleines-wundertuetchen\/wp-json\/wp\/v2\/product_tag?post=1347"}],"curies":[{"name":"wp","href":"https:\/\/api.w.org\/{rel}","templated":true}]}}