{"id":1355,"date":"2025-04-18T03:39:35","date_gmt":"2025-04-18T01:39:35","guid":{"rendered":"https:\/\/www.regionalis.shop\/kleines-wundertuetchen\/product\/classic-jute-its-wine\/"},"modified":"2025-04-18T03:39:35","modified_gmt":"2025-04-18T01:39:35","slug":"classic-jute-its-wine","status":"publish","type":"product","link":"https:\/\/www.regionalis.shop\/kleines-wundertuetchen\/shop\/classic-jute-its-wine\/","title":{"rendered":"Classic Jute \u201eIt\u2018s wine\u201c"},"content":{"rendered":"<p>Classic Jute Tasche \u201eIt\u2018s wine o\u2018clock\u201c<br \/>\n100 % Jute <\/p>\n<p>Ma\u00dfe  42x33x19 cm<br \/>\nHenkell\u00e4nge: ca. 55 cm | Volumen: ca. 21 Liter <\/p>\n<p>Eine Jutetasche &#8211; perfekt zum Verschenken oder selbst behalten. Das T\u00e4schchen ist eine liebevolle Aufmerksamkeit und kann auch individualisiert werden. <\/p>\n<p>Mit dieser Jutetasche k\u00f6nnen problemlos Gegenst\u00e4nde getragen werden. Sie ist sehr widerstandsf\u00e4hig und hat zwei Baumwollgriffe f\u00fcr einen einfachen Transport. <\/p>\n<p>Die gesamte Tasche ist aus Sackleinen, mit Ausnahme der Griffe aus Baumwolle.<\/p>\n","protected":false},"excerpt":{"rendered":"<p>Classic Jute Tasche \u201eIt\u2018s wine o\u2018clock\u201c 100 % Jute Ma\u00dfe 42x33x19 cm Henkell\u00e4nge: ca. 55 cm | Volumen: ca. 21 Liter Eine Jutetasche &#8211; perfekt zum Verschenken oder selbst behalten. Das T\u00e4schchen ist eine liebevolle Aufmerksamkeit und kann auch individualisiert werden. Mit dieser Jutetasche k\u00f6nnen problemlos Gegenst\u00e4nde getragen werden. Sie ist sehr widerstandsf\u00e4hig und hat &hellip; <a href=\"https:\/\/www.regionalis.shop\/kleines-wundertuetchen\/shop\/classic-jute-its-wine\/\">Continued<\/a><\/p>\n","protected":false},"featured_media":1356,"template":"","meta":{"_acf_changed":false},"product_brand":[],"product_cat":[171,95],"product_tag":[],"class_list":{"0":"post-1355","1":"product","2":"type-product","3":"status-publish","4":"has-post-thumbnail","6":"product_cat-stoffsackerl-einkaufstaschen","7":"product_cat-taschen","9":"first","10":"instock","11":"purchasable","12":"product-type-simple"},"acf":[],"_links":{"self":[{"href":"https:\/\/www.regionalis.shop\/kleines-wundertuetchen\/wp-json\/wp\/v2\/product\/1355","targetHints":{"allow":["GET"]}}],"collection":[{"href":"https:\/\/www.regionalis.shop\/kleines-wundertuetchen\/wp-json\/wp\/v2\/product"}],"about":[{"href":"https:\/\/www.regionalis.shop\/kleines-wundertuetchen\/wp-json\/wp\/v2\/types\/product"}],"wp:featuredmedia":[{"embeddable":true,"href":"https:\/\/www.regionalis.shop\/kleines-wundertuetchen\/wp-json\/wp\/v2\/media\/1356"}],"wp:attachment":[{"href":"https:\/\/www.regionalis.shop\/kleines-wundertuetchen\/wp-json\/wp\/v2\/media?parent=1355"}],"wp:term":[{"taxonomy":"product_brand","embeddable":true,"href":"https:\/\/www.regionalis.shop\/kleines-wundertuetchen\/wp-json\/wp\/v2\/product_brand?post=1355"},{"taxonomy":"product_cat","embeddable":true,"href":"https:\/\/www.regionalis.shop\/kleines-wundertuetchen\/wp-json\/wp\/v2\/product_cat?post=1355"},{"taxonomy":"product_tag","embeddable":true,"href":"https:\/\/www.regionalis.shop\/kleines-wundertuetchen\/wp-json\/wp\/v2\/product_tag?post=1355"}],"curies":[{"name":"wp","href":"https:\/\/api.w.org\/{rel}","templated":true}]}}