{"id":1373,"date":"2025-04-18T02:59:02","date_gmt":"2025-04-18T00:59:02","guid":{"rendered":"https:\/\/www.regionalis.shop\/kleines-wundertuetchen\/product\/beutel-kollegin\/"},"modified":"2025-04-18T02:59:02","modified_gmt":"2025-04-18T00:59:02","slug":"beutel-kollegin","status":"publish","type":"product","link":"https:\/\/www.regionalis.shop\/kleines-wundertuetchen\/shop\/beutel-kollegin\/","title":{"rendered":"Beutel Kollegin"},"content":{"rendered":"<p>Baumwollbeutel \u201eKollegin\u201c<br \/>\nEin s\u00fc\u00dfer Baumwollbeutel f\u00fcr die beste Kollegin, den besten Kollegen &#8230; zum Geburtstag, zu Ostern, Weihnachten, Babypause, Pensionierung oder einfach so. <\/p>\n<p>Der Beutel ist ideal als Geschenks-\/ oder Gutschein Verpackung. Hier hat eine Kleinigkeit bestens Platz. Der Beutel ist auch individualisierbar. <\/p>\n<p>Gr\u00f6\u00dfe 14&#215;20,5 cm<\/p>\n","protected":false},"excerpt":{"rendered":"<p>Baumwollbeutel \u201eKollegin\u201c Ein s\u00fc\u00dfer Baumwollbeutel f\u00fcr die beste Kollegin, den besten Kollegen &#8230; zum Geburtstag, zu Ostern, Weihnachten, Babypause, Pensionierung oder einfach so. Der Beutel ist ideal als Geschenks-\/ oder Gutschein Verpackung. Hier hat eine Kleinigkeit bestens Platz. Der Beutel ist auch individualisierbar. Gr\u00f6\u00dfe 14&#215;20,5 cm<\/p>\n","protected":false},"featured_media":1374,"template":"","meta":{"_acf_changed":false},"product_brand":[],"product_cat":[168,95],"product_tag":[],"class_list":{"0":"post-1373","1":"product","2":"type-product","3":"status-publish","4":"has-post-thumbnail","6":"product_cat-sonstiges-taschen","7":"product_cat-taschen","9":"first","10":"instock","11":"purchasable","12":"product-type-simple"},"acf":[],"_links":{"self":[{"href":"https:\/\/www.regionalis.shop\/kleines-wundertuetchen\/wp-json\/wp\/v2\/product\/1373","targetHints":{"allow":["GET"]}}],"collection":[{"href":"https:\/\/www.regionalis.shop\/kleines-wundertuetchen\/wp-json\/wp\/v2\/product"}],"about":[{"href":"https:\/\/www.regionalis.shop\/kleines-wundertuetchen\/wp-json\/wp\/v2\/types\/product"}],"wp:featuredmedia":[{"embeddable":true,"href":"https:\/\/www.regionalis.shop\/kleines-wundertuetchen\/wp-json\/wp\/v2\/media\/1374"}],"wp:attachment":[{"href":"https:\/\/www.regionalis.shop\/kleines-wundertuetchen\/wp-json\/wp\/v2\/media?parent=1373"}],"wp:term":[{"taxonomy":"product_brand","embeddable":true,"href":"https:\/\/www.regionalis.shop\/kleines-wundertuetchen\/wp-json\/wp\/v2\/product_brand?post=1373"},{"taxonomy":"product_cat","embeddable":true,"href":"https:\/\/www.regionalis.shop\/kleines-wundertuetchen\/wp-json\/wp\/v2\/product_cat?post=1373"},{"taxonomy":"product_tag","embeddable":true,"href":"https:\/\/www.regionalis.shop\/kleines-wundertuetchen\/wp-json\/wp\/v2\/product_tag?post=1373"}],"curies":[{"name":"wp","href":"https:\/\/api.w.org\/{rel}","templated":true}]}}