{"id":1375,"date":"2025-04-18T02:58:19","date_gmt":"2025-04-18T00:58:19","guid":{"rendered":"https:\/\/www.regionalis.shop\/kleines-wundertuetchen\/product\/utensilo-2\/"},"modified":"2025-04-18T02:58:19","modified_gmt":"2025-04-18T00:58:19","slug":"utensilo-2","status":"publish","type":"product","link":"https:\/\/www.regionalis.shop\/kleines-wundertuetchen\/shop\/utensilo-2\/","title":{"rendered":"Utensilo"},"content":{"rendered":"<p>Utensilo\/ Brotkorb Allerlei Leckereien <\/p>\n<p>Das Utensilo macht sich perfekt als Brotkorb auf jedem Tisch, kann als Obstkorb oder zur Aufbewahrung von S\u00fc\u00dfem verwendet werden. Nat\u00fcrlich eignet sich das Utensilo auch f\u00fcrs Badezimmer, den Arbeitsplatz oder f\u00fcr das Kinderzimmer. Der Kreativit\u00e4t sind keine Grenzen gesetzt. <\/p>\n<p>Ma\u00dfe: 13&#215;17,5&#215;13<br \/>\n100% Baumwolle<br \/>\nVolumen: 3 Liter<br \/>\nFarbe: Natur <\/p>\n<p>Kann auf Anfrage gerne individuell bedruckt werden.<\/p>\n","protected":false},"excerpt":{"rendered":"<p>Utensilo\/ Brotkorb Allerlei Leckereien Das Utensilo macht sich perfekt als Brotkorb auf jedem Tisch, kann als Obstkorb oder zur Aufbewahrung von S\u00fc\u00dfem verwendet werden. Nat\u00fcrlich eignet sich das Utensilo auch f\u00fcrs Badezimmer, den Arbeitsplatz oder f\u00fcr das Kinderzimmer. Der Kreativit\u00e4t sind keine Grenzen gesetzt. Ma\u00dfe: 13&#215;17,5&#215;13 100% Baumwolle Volumen: 3 Liter Farbe: Natur Kann auf &hellip; <a href=\"https:\/\/www.regionalis.shop\/kleines-wundertuetchen\/shop\/utensilo-2\/\">Continued<\/a><\/p>\n","protected":false},"featured_media":1376,"template":"","meta":{"_acf_changed":false},"product_brand":[],"product_cat":[169,103],"product_tag":[],"class_list":{"0":"post-1375","1":"product","2":"type-product","3":"status-publish","4":"has-post-thumbnail","6":"product_cat-sonstiges-wohnen-deko","7":"product_cat-wohnen-deko","9":"first","10":"instock","11":"purchasable","12":"product-type-simple"},"acf":[],"_links":{"self":[{"href":"https:\/\/www.regionalis.shop\/kleines-wundertuetchen\/wp-json\/wp\/v2\/product\/1375","targetHints":{"allow":["GET"]}}],"collection":[{"href":"https:\/\/www.regionalis.shop\/kleines-wundertuetchen\/wp-json\/wp\/v2\/product"}],"about":[{"href":"https:\/\/www.regionalis.shop\/kleines-wundertuetchen\/wp-json\/wp\/v2\/types\/product"}],"wp:featuredmedia":[{"embeddable":true,"href":"https:\/\/www.regionalis.shop\/kleines-wundertuetchen\/wp-json\/wp\/v2\/media\/1376"}],"wp:attachment":[{"href":"https:\/\/www.regionalis.shop\/kleines-wundertuetchen\/wp-json\/wp\/v2\/media?parent=1375"}],"wp:term":[{"taxonomy":"product_brand","embeddable":true,"href":"https:\/\/www.regionalis.shop\/kleines-wundertuetchen\/wp-json\/wp\/v2\/product_brand?post=1375"},{"taxonomy":"product_cat","embeddable":true,"href":"https:\/\/www.regionalis.shop\/kleines-wundertuetchen\/wp-json\/wp\/v2\/product_cat?post=1375"},{"taxonomy":"product_tag","embeddable":true,"href":"https:\/\/www.regionalis.shop\/kleines-wundertuetchen\/wp-json\/wp\/v2\/product_tag?post=1375"}],"curies":[{"name":"wp","href":"https:\/\/api.w.org\/{rel}","templated":true}]}}