{"id":1378,"date":"2025-04-18T02:56:48","date_gmt":"2025-04-18T00:56:48","guid":{"rendered":"https:\/\/www.regionalis.shop\/kleines-wundertuetchen\/product\/baumwollbeutel-papa\/"},"modified":"2025-04-18T02:56:48","modified_gmt":"2025-04-18T00:56:48","slug":"baumwollbeutel-papa","status":"publish","type":"product","link":"https:\/\/www.regionalis.shop\/kleines-wundertuetchen\/shop\/baumwollbeutel-papa\/","title":{"rendered":"Baumwollbeutel Papa"},"content":{"rendered":"<p>Ein s\u00fc\u00dfer Baumwollbeutel f\u00fcr Papa zum Vatertag, &#8230; oder einfach so. Weil Papa der Beste ist. <\/p>\n<p>Der Beutel ist ideal als Geschenks-\/ oder Gutschein Verpackung. Hier hat eine Kleinigkeit bestens Platz. Der Beutel ist auch individualisierbar. <\/p>\n<p>Gr\u00f6\u00dfe 14&#215;20,5 cm<\/p>\n","protected":false},"excerpt":{"rendered":"<p>Ein s\u00fc\u00dfer Baumwollbeutel f\u00fcr Papa zum Vatertag, &#8230; oder einfach so. Weil Papa der Beste ist. Der Beutel ist ideal als Geschenks-\/ oder Gutschein Verpackung. Hier hat eine Kleinigkeit bestens Platz. Der Beutel ist auch individualisierbar. Gr\u00f6\u00dfe 14&#215;20,5 cm<\/p>\n","protected":false},"featured_media":1379,"template":"","meta":{"_acf_changed":false},"product_brand":[],"product_cat":[168,95],"product_tag":[],"class_list":{"0":"post-1378","1":"product","2":"type-product","3":"status-publish","4":"has-post-thumbnail","6":"product_cat-sonstiges-taschen","7":"product_cat-taschen","9":"first","10":"instock","11":"purchasable","12":"product-type-simple"},"acf":[],"_links":{"self":[{"href":"https:\/\/www.regionalis.shop\/kleines-wundertuetchen\/wp-json\/wp\/v2\/product\/1378","targetHints":{"allow":["GET"]}}],"collection":[{"href":"https:\/\/www.regionalis.shop\/kleines-wundertuetchen\/wp-json\/wp\/v2\/product"}],"about":[{"href":"https:\/\/www.regionalis.shop\/kleines-wundertuetchen\/wp-json\/wp\/v2\/types\/product"}],"wp:featuredmedia":[{"embeddable":true,"href":"https:\/\/www.regionalis.shop\/kleines-wundertuetchen\/wp-json\/wp\/v2\/media\/1379"}],"wp:attachment":[{"href":"https:\/\/www.regionalis.shop\/kleines-wundertuetchen\/wp-json\/wp\/v2\/media?parent=1378"}],"wp:term":[{"taxonomy":"product_brand","embeddable":true,"href":"https:\/\/www.regionalis.shop\/kleines-wundertuetchen\/wp-json\/wp\/v2\/product_brand?post=1378"},{"taxonomy":"product_cat","embeddable":true,"href":"https:\/\/www.regionalis.shop\/kleines-wundertuetchen\/wp-json\/wp\/v2\/product_cat?post=1378"},{"taxonomy":"product_tag","embeddable":true,"href":"https:\/\/www.regionalis.shop\/kleines-wundertuetchen\/wp-json\/wp\/v2\/product_tag?post=1378"}],"curies":[{"name":"wp","href":"https:\/\/api.w.org\/{rel}","templated":true}]}}