{"id":1055,"date":"2025-04-28T04:22:44","date_gmt":"2025-04-28T02:22:44","guid":{"rendered":"https:\/\/www.regionalis.shop\/kolibri-ds\/product\/schwimmfluegel-tascherl\/"},"modified":"2025-04-28T04:22:44","modified_gmt":"2025-04-28T02:22:44","slug":"schwimmfluegel-tascherl","status":"publish","type":"product","link":"https:\/\/www.regionalis.shop\/kolibri-ds\/shop\/schwimmfluegel-tascherl\/","title":{"rendered":"Schwimmfl\u00fcgel-Tascherl"},"content":{"rendered":"<p>Diese Schwimmfl\u00fcgel h\u00e4tten kein Kind mehr getragen. Aber Schnickschnack passt  in diese Tascherl allemal hinein. Zum Beispiel Haarspangerl, Schminke, Geld f\u00fcr die Schwimmbadpommes,&#8230;<\/p>\n","protected":false},"excerpt":{"rendered":"<p>Diese Schwimmfl\u00fcgel h\u00e4tten kein Kind mehr getragen. Aber Schnickschnack passt in diese Tascherl allemal hinein. Zum Beispiel Haarspangerl, Schminke, Geld f\u00fcr die Schwimmbadpommes,&#8230;<\/p>\n","protected":false},"featured_media":1056,"template":"","meta":{"_acf_changed":false},"product_brand":[],"product_cat":[37,82],"product_tag":[],"class_list":{"0":"post-1055","1":"product","2":"type-product","3":"status-publish","4":"has-post-thumbnail","6":"product_cat-accessoires","7":"product_cat-sonstiges-accessoires","9":"first","10":"instock","11":"purchasable","12":"product-type-simple"},"acf":[],"_links":{"self":[{"href":"https:\/\/www.regionalis.shop\/kolibri-ds\/wp-json\/wp\/v2\/product\/1055","targetHints":{"allow":["GET"]}}],"collection":[{"href":"https:\/\/www.regionalis.shop\/kolibri-ds\/wp-json\/wp\/v2\/product"}],"about":[{"href":"https:\/\/www.regionalis.shop\/kolibri-ds\/wp-json\/wp\/v2\/types\/product"}],"wp:featuredmedia":[{"embeddable":true,"href":"https:\/\/www.regionalis.shop\/kolibri-ds\/wp-json\/wp\/v2\/media\/1056"}],"wp:attachment":[{"href":"https:\/\/www.regionalis.shop\/kolibri-ds\/wp-json\/wp\/v2\/media?parent=1055"}],"wp:term":[{"taxonomy":"product_brand","embeddable":true,"href":"https:\/\/www.regionalis.shop\/kolibri-ds\/wp-json\/wp\/v2\/product_brand?post=1055"},{"taxonomy":"product_cat","embeddable":true,"href":"https:\/\/www.regionalis.shop\/kolibri-ds\/wp-json\/wp\/v2\/product_cat?post=1055"},{"taxonomy":"product_tag","embeddable":true,"href":"https:\/\/www.regionalis.shop\/kolibri-ds\/wp-json\/wp\/v2\/product_tag?post=1055"}],"curies":[{"name":"wp","href":"https:\/\/api.w.org\/{rel}","templated":true}]}}