{"id":1079,"date":"2025-04-28T04:01:11","date_gmt":"2025-04-28T02:01:11","guid":{"rendered":"https:\/\/www.regionalis.shop\/kolibri-ds\/product\/kannenlampe\/"},"modified":"2025-04-28T04:01:11","modified_gmt":"2025-04-28T02:01:11","slug":"kannenlampe","status":"publish","type":"product","link":"https:\/\/www.regionalis.shop\/kolibri-ds\/shop\/kannenlampe\/","title":{"rendered":"Kannenlampe"},"content":{"rendered":"<p>Kannenlampe<br \/>\nNat\u00fcrlich musste dieses Wundersch\u00f6ne Teil gerettet werden und erstrahlt nun buchst\u00e4blich in neuem Licht<br \/>\nLeuchtmittel im Preis inbegriffen, Lampenfassung E14<\/p>\n","protected":false},"excerpt":{"rendered":"<p>Kannenlampe Nat\u00fcrlich musste dieses Wundersch\u00f6ne Teil gerettet werden und erstrahlt nun buchst\u00e4blich in neuem Licht Leuchtmittel im Preis inbegriffen, Lampenfassung E14<\/p>\n","protected":false},"featured_media":1080,"template":"","meta":{"_acf_changed":false},"product_brand":[],"product_cat":[156,103],"product_tag":[],"class_list":{"0":"post-1079","1":"product","2":"type-product","3":"status-publish","4":"has-post-thumbnail","6":"product_cat-lampen-beleuchtung","7":"product_cat-wohnen-deko","9":"first","10":"instock","11":"purchasable","12":"product-type-simple"},"acf":[],"_links":{"self":[{"href":"https:\/\/www.regionalis.shop\/kolibri-ds\/wp-json\/wp\/v2\/product\/1079","targetHints":{"allow":["GET"]}}],"collection":[{"href":"https:\/\/www.regionalis.shop\/kolibri-ds\/wp-json\/wp\/v2\/product"}],"about":[{"href":"https:\/\/www.regionalis.shop\/kolibri-ds\/wp-json\/wp\/v2\/types\/product"}],"wp:featuredmedia":[{"embeddable":true,"href":"https:\/\/www.regionalis.shop\/kolibri-ds\/wp-json\/wp\/v2\/media\/1080"}],"wp:attachment":[{"href":"https:\/\/www.regionalis.shop\/kolibri-ds\/wp-json\/wp\/v2\/media?parent=1079"}],"wp:term":[{"taxonomy":"product_brand","embeddable":true,"href":"https:\/\/www.regionalis.shop\/kolibri-ds\/wp-json\/wp\/v2\/product_brand?post=1079"},{"taxonomy":"product_cat","embeddable":true,"href":"https:\/\/www.regionalis.shop\/kolibri-ds\/wp-json\/wp\/v2\/product_cat?post=1079"},{"taxonomy":"product_tag","embeddable":true,"href":"https:\/\/www.regionalis.shop\/kolibri-ds\/wp-json\/wp\/v2\/product_tag?post=1079"}],"curies":[{"name":"wp","href":"https:\/\/api.w.org\/{rel}","templated":true}]}}