{"id":1134,"date":"2025-04-28T03:42:18","date_gmt":"2025-04-28T01:42:18","guid":{"rendered":"https:\/\/www.regionalis.shop\/kolibri-ds\/product\/rucksack-weihnachtsgoblin\/"},"modified":"2025-04-28T03:42:18","modified_gmt":"2025-04-28T01:42:18","slug":"rucksack-weihnachtsgoblin","status":"publish","type":"product","link":"https:\/\/www.regionalis.shop\/kolibri-ds\/shop\/rucksack-weihnachtsgoblin\/","title":{"rendered":"Rucksack Weihnachtsgoblin"},"content":{"rendered":"<p>Rucksack aus Weihnachtsgoblin mit Wichtelmotiv und Goldf\u00e4den<br \/>\nGef\u00fcttert mit kleinem Fach und Band mit Karabiner f\u00fcr Schl\u00fcssel<\/p>\n","protected":false},"excerpt":{"rendered":"<p>Rucksack aus Weihnachtsgoblin mit Wichtelmotiv und Goldf\u00e4den Gef\u00fcttert mit kleinem Fach und Band mit Karabiner f\u00fcr Schl\u00fcssel<\/p>\n","protected":false},"featured_media":1135,"template":"","meta":{"_acf_changed":false},"product_brand":[],"product_cat":[166,95],"product_tag":[],"class_list":{"0":"post-1134","1":"product","2":"type-product","3":"status-publish","4":"has-post-thumbnail","6":"product_cat-rucksaecke-gymbags","7":"product_cat-taschen","9":"first","10":"instock","11":"purchasable","12":"product-type-simple"},"acf":[],"_links":{"self":[{"href":"https:\/\/www.regionalis.shop\/kolibri-ds\/wp-json\/wp\/v2\/product\/1134","targetHints":{"allow":["GET"]}}],"collection":[{"href":"https:\/\/www.regionalis.shop\/kolibri-ds\/wp-json\/wp\/v2\/product"}],"about":[{"href":"https:\/\/www.regionalis.shop\/kolibri-ds\/wp-json\/wp\/v2\/types\/product"}],"wp:featuredmedia":[{"embeddable":true,"href":"https:\/\/www.regionalis.shop\/kolibri-ds\/wp-json\/wp\/v2\/media\/1135"}],"wp:attachment":[{"href":"https:\/\/www.regionalis.shop\/kolibri-ds\/wp-json\/wp\/v2\/media?parent=1134"}],"wp:term":[{"taxonomy":"product_brand","embeddable":true,"href":"https:\/\/www.regionalis.shop\/kolibri-ds\/wp-json\/wp\/v2\/product_brand?post=1134"},{"taxonomy":"product_cat","embeddable":true,"href":"https:\/\/www.regionalis.shop\/kolibri-ds\/wp-json\/wp\/v2\/product_cat?post=1134"},{"taxonomy":"product_tag","embeddable":true,"href":"https:\/\/www.regionalis.shop\/kolibri-ds\/wp-json\/wp\/v2\/product_tag?post=1134"}],"curies":[{"name":"wp","href":"https:\/\/api.w.org\/{rel}","templated":true}]}}