{"id":1196,"date":"2025-04-18T10:14:51","date_gmt":"2025-04-18T08:14:51","guid":{"rendered":"https:\/\/www.regionalis.shop\/kolibri-ds\/product\/perlenkette-aubergine\/"},"modified":"2025-04-18T10:14:51","modified_gmt":"2025-04-18T08:14:51","slug":"perlenkette-aubergine","status":"publish","type":"product","link":"https:\/\/www.regionalis.shop\/kolibri-ds\/shop\/perlenkette-aubergine\/","title":{"rendered":"Perlenkette Aubergine"},"content":{"rendered":"<p>Kette aus Glas- und Acrylperlen geh\u00e4kelt<br \/>\nL\u00e4nge 70cm, mit Karabinerverschluss und Verl\u00e4ngerungskette<\/p>\n","protected":false},"excerpt":{"rendered":"<p>Kette aus Glas- und Acrylperlen geh\u00e4kelt L\u00e4nge 70cm, mit Karabinerverschluss und Verl\u00e4ngerungskette<\/p>\n","protected":false},"featured_media":1197,"template":"","meta":{"_acf_changed":false},"product_brand":[],"product_cat":[141,70],"product_tag":[],"class_list":{"0":"post-1196","1":"product","2":"type-product","3":"status-publish","4":"has-post-thumbnail","6":"product_cat-halsketten","7":"product_cat-schmuck","9":"first","10":"instock","11":"purchasable","12":"product-type-simple"},"acf":[],"_links":{"self":[{"href":"https:\/\/www.regionalis.shop\/kolibri-ds\/wp-json\/wp\/v2\/product\/1196","targetHints":{"allow":["GET"]}}],"collection":[{"href":"https:\/\/www.regionalis.shop\/kolibri-ds\/wp-json\/wp\/v2\/product"}],"about":[{"href":"https:\/\/www.regionalis.shop\/kolibri-ds\/wp-json\/wp\/v2\/types\/product"}],"wp:featuredmedia":[{"embeddable":true,"href":"https:\/\/www.regionalis.shop\/kolibri-ds\/wp-json\/wp\/v2\/media\/1197"}],"wp:attachment":[{"href":"https:\/\/www.regionalis.shop\/kolibri-ds\/wp-json\/wp\/v2\/media?parent=1196"}],"wp:term":[{"taxonomy":"product_brand","embeddable":true,"href":"https:\/\/www.regionalis.shop\/kolibri-ds\/wp-json\/wp\/v2\/product_brand?post=1196"},{"taxonomy":"product_cat","embeddable":true,"href":"https:\/\/www.regionalis.shop\/kolibri-ds\/wp-json\/wp\/v2\/product_cat?post=1196"},{"taxonomy":"product_tag","embeddable":true,"href":"https:\/\/www.regionalis.shop\/kolibri-ds\/wp-json\/wp\/v2\/product_tag?post=1196"}],"curies":[{"name":"wp","href":"https:\/\/api.w.org\/{rel}","templated":true}]}}