{"id":1228,"date":"2025-04-18T08:56:14","date_gmt":"2025-04-18T06:56:14","guid":{"rendered":"https:\/\/www.regionalis.shop\/kolibri-ds\/product\/seifenspender-bier-brau-schneider\/"},"modified":"2025-04-18T08:56:14","modified_gmt":"2025-04-18T06:56:14","slug":"seifenspender-bier-brau-schneider","status":"publish","type":"product","link":"https:\/\/www.regionalis.shop\/kolibri-ds\/shop\/seifenspender-bier-brau-schneider\/","title":{"rendered":"Seifenspender-Bier &#8211; Brau Schneider"},"content":{"rendered":"<p>Wundersch\u00f6ne Flasche, zu schade f\u00fcr den M\u00fcll!<br \/>\nAls Schneidermeisterin und Frau Schneider, ein wahrer Gl\u00fccksfund.<br \/>\nUpcycling- in seiner eindeutigsten Form<br \/>\nFlasche leer &#8211; Seifenspender gemacht<\/p>\n","protected":false},"excerpt":{"rendered":"<p>Wundersch\u00f6ne Flasche, zu schade f\u00fcr den M\u00fcll! Als Schneidermeisterin und Frau Schneider, ein wahrer Gl\u00fccksfund. Upcycling- in seiner eindeutigsten Form Flasche leer &#8211; Seifenspender gemacht<\/p>\n","protected":false},"featured_media":1229,"template":"","meta":{"_acf_changed":false},"product_brand":[],"product_cat":[156,103],"product_tag":[],"class_list":{"0":"post-1228","1":"product","2":"type-product","3":"status-publish","4":"has-post-thumbnail","6":"product_cat-lampen-beleuchtung","7":"product_cat-wohnen-deko","9":"first","10":"instock","11":"purchasable","12":"product-type-simple"},"acf":[],"_links":{"self":[{"href":"https:\/\/www.regionalis.shop\/kolibri-ds\/wp-json\/wp\/v2\/product\/1228","targetHints":{"allow":["GET"]}}],"collection":[{"href":"https:\/\/www.regionalis.shop\/kolibri-ds\/wp-json\/wp\/v2\/product"}],"about":[{"href":"https:\/\/www.regionalis.shop\/kolibri-ds\/wp-json\/wp\/v2\/types\/product"}],"wp:featuredmedia":[{"embeddable":true,"href":"https:\/\/www.regionalis.shop\/kolibri-ds\/wp-json\/wp\/v2\/media\/1229"}],"wp:attachment":[{"href":"https:\/\/www.regionalis.shop\/kolibri-ds\/wp-json\/wp\/v2\/media?parent=1228"}],"wp:term":[{"taxonomy":"product_brand","embeddable":true,"href":"https:\/\/www.regionalis.shop\/kolibri-ds\/wp-json\/wp\/v2\/product_brand?post=1228"},{"taxonomy":"product_cat","embeddable":true,"href":"https:\/\/www.regionalis.shop\/kolibri-ds\/wp-json\/wp\/v2\/product_cat?post=1228"},{"taxonomy":"product_tag","embeddable":true,"href":"https:\/\/www.regionalis.shop\/kolibri-ds\/wp-json\/wp\/v2\/product_tag?post=1228"}],"curies":[{"name":"wp","href":"https:\/\/api.w.org\/{rel}","templated":true}]}}