{"id":1275,"date":"2025-04-18T08:05:08","date_gmt":"2025-04-18T06:05:08","guid":{"rendered":"https:\/\/www.regionalis.shop\/kolibri-ds\/product\/ohrrige-schwammerl\/"},"modified":"2025-04-18T08:05:08","modified_gmt":"2025-04-18T06:05:08","slug":"ohrrige-schwammerl","status":"publish","type":"product","link":"https:\/\/www.regionalis.shop\/kolibri-ds\/shop\/ohrrige-schwammerl\/","title":{"rendered":"Ohrrige Schwammerl"},"content":{"rendered":"<p>Ohrringe nickelfrei<br \/>\nResinanh\u00e4nger in Fliegenpilz Form<br \/>\nin Klein und Gro\u00df erh\u00e4ltlich<br \/>\nAls Gl\u00fccksbringer, oder weil man ein narrisches Schwammerl ist oder einfach nur so<\/p>\n","protected":false},"excerpt":{"rendered":"<p>Ohrringe nickelfrei Resinanh\u00e4nger in Fliegenpilz Form in Klein und Gro\u00df erh\u00e4ltlich Als Gl\u00fccksbringer, oder weil man ein narrisches Schwammerl ist oder einfach nur so<\/p>\n","protected":false},"featured_media":1276,"template":"","meta":{"_acf_changed":false},"product_brand":[],"product_cat":[163,70],"product_tag":[],"class_list":{"0":"post-1275","1":"product","2":"type-product","3":"status-publish","4":"has-post-thumbnail","6":"product_cat-ohrringe","7":"product_cat-schmuck","9":"first","10":"instock","11":"purchasable","12":"product-type-simple"},"acf":[],"_links":{"self":[{"href":"https:\/\/www.regionalis.shop\/kolibri-ds\/wp-json\/wp\/v2\/product\/1275","targetHints":{"allow":["GET"]}}],"collection":[{"href":"https:\/\/www.regionalis.shop\/kolibri-ds\/wp-json\/wp\/v2\/product"}],"about":[{"href":"https:\/\/www.regionalis.shop\/kolibri-ds\/wp-json\/wp\/v2\/types\/product"}],"wp:featuredmedia":[{"embeddable":true,"href":"https:\/\/www.regionalis.shop\/kolibri-ds\/wp-json\/wp\/v2\/media\/1276"}],"wp:attachment":[{"href":"https:\/\/www.regionalis.shop\/kolibri-ds\/wp-json\/wp\/v2\/media?parent=1275"}],"wp:term":[{"taxonomy":"product_brand","embeddable":true,"href":"https:\/\/www.regionalis.shop\/kolibri-ds\/wp-json\/wp\/v2\/product_brand?post=1275"},{"taxonomy":"product_cat","embeddable":true,"href":"https:\/\/www.regionalis.shop\/kolibri-ds\/wp-json\/wp\/v2\/product_cat?post=1275"},{"taxonomy":"product_tag","embeddable":true,"href":"https:\/\/www.regionalis.shop\/kolibri-ds\/wp-json\/wp\/v2\/product_tag?post=1275"}],"curies":[{"name":"wp","href":"https:\/\/api.w.org\/{rel}","templated":true}]}}