{"id":1322,"date":"2025-04-18T07:58:01","date_gmt":"2025-04-18T05:58:01","guid":{"rendered":"https:\/\/www.regionalis.shop\/kolibri-ds\/product\/seifenspender-flasche-mistelhains-tonic\/"},"modified":"2025-04-18T07:58:01","modified_gmt":"2025-04-18T05:58:01","slug":"seifenspender-flasche-mistelhains-tonic","status":"publish","type":"product","link":"https:\/\/www.regionalis.shop\/kolibri-ds\/shop\/seifenspender-flasche-mistelhains-tonic\/","title":{"rendered":"Seifenspender-Flasche &#8211; Mistelhain\u2018s Tonic"},"content":{"rendered":"<p>Wundersch\u00f6ne Flasche, zu schade f\u00fcr den M\u00fcll!<br \/>\nUpcycling- in seiner eindeutigsten Form<br \/>\nFlasche leer &#8211; Seifenspender gemacht<\/p>\n","protected":false},"excerpt":{"rendered":"<p>Wundersch\u00f6ne Flasche, zu schade f\u00fcr den M\u00fcll! Upcycling- in seiner eindeutigsten Form Flasche leer &#8211; Seifenspender gemacht<\/p>\n","protected":false},"featured_media":1323,"template":"","meta":{"_acf_changed":false},"product_brand":[],"product_cat":[160,103],"product_tag":[],"class_list":{"0":"post-1322","1":"product","2":"type-product","3":"status-publish","4":"has-post-thumbnail","6":"product_cat-nachhaltiger-haushalt","7":"product_cat-wohnen-deko","9":"first","10":"instock","11":"purchasable","12":"product-type-simple"},"acf":[],"_links":{"self":[{"href":"https:\/\/www.regionalis.shop\/kolibri-ds\/wp-json\/wp\/v2\/product\/1322","targetHints":{"allow":["GET"]}}],"collection":[{"href":"https:\/\/www.regionalis.shop\/kolibri-ds\/wp-json\/wp\/v2\/product"}],"about":[{"href":"https:\/\/www.regionalis.shop\/kolibri-ds\/wp-json\/wp\/v2\/types\/product"}],"wp:featuredmedia":[{"embeddable":true,"href":"https:\/\/www.regionalis.shop\/kolibri-ds\/wp-json\/wp\/v2\/media\/1323"}],"wp:attachment":[{"href":"https:\/\/www.regionalis.shop\/kolibri-ds\/wp-json\/wp\/v2\/media?parent=1322"}],"wp:term":[{"taxonomy":"product_brand","embeddable":true,"href":"https:\/\/www.regionalis.shop\/kolibri-ds\/wp-json\/wp\/v2\/product_brand?post=1322"},{"taxonomy":"product_cat","embeddable":true,"href":"https:\/\/www.regionalis.shop\/kolibri-ds\/wp-json\/wp\/v2\/product_cat?post=1322"},{"taxonomy":"product_tag","embeddable":true,"href":"https:\/\/www.regionalis.shop\/kolibri-ds\/wp-json\/wp\/v2\/product_tag?post=1322"}],"curies":[{"name":"wp","href":"https:\/\/api.w.org\/{rel}","templated":true}]}}