{"id":1325,"date":"2025-04-18T07:57:27","date_gmt":"2025-04-18T05:57:27","guid":{"rendered":"https:\/\/www.regionalis.shop\/kolibri-ds\/product\/ohrring-tanne-gruen\/"},"modified":"2025-04-18T07:57:27","modified_gmt":"2025-04-18T05:57:27","slug":"ohrring-tanne-gruen","status":"publish","type":"product","link":"https:\/\/www.regionalis.shop\/kolibri-ds\/shop\/ohrring-tanne-gruen\/","title":{"rendered":"Ohrring Tanne Gr\u00fcn"},"content":{"rendered":"<p>Weihnachtliche Ohrringe mit federleichtem Acyrlanh\u00e4nger in Permutter-Optik<br \/>\nEdelstahlohrstecker sind erh\u00e4ltlich in den Farben Silber, Gold, Ros\u00e9<\/p>\n","protected":false},"excerpt":{"rendered":"<p>Weihnachtliche Ohrringe mit federleichtem Acyrlanh\u00e4nger in Permutter-Optik Edelstahlohrstecker sind erh\u00e4ltlich in den Farben Silber, Gold, Ros\u00e9<\/p>\n","protected":false},"featured_media":1326,"template":"","meta":{"_acf_changed":false},"product_brand":[],"product_cat":[163,70],"product_tag":[],"class_list":{"0":"post-1325","1":"product","2":"type-product","3":"status-publish","4":"has-post-thumbnail","6":"product_cat-ohrringe","7":"product_cat-schmuck","9":"first","10":"instock","11":"purchasable","12":"product-type-simple"},"acf":[],"_links":{"self":[{"href":"https:\/\/www.regionalis.shop\/kolibri-ds\/wp-json\/wp\/v2\/product\/1325","targetHints":{"allow":["GET"]}}],"collection":[{"href":"https:\/\/www.regionalis.shop\/kolibri-ds\/wp-json\/wp\/v2\/product"}],"about":[{"href":"https:\/\/www.regionalis.shop\/kolibri-ds\/wp-json\/wp\/v2\/types\/product"}],"wp:featuredmedia":[{"embeddable":true,"href":"https:\/\/www.regionalis.shop\/kolibri-ds\/wp-json\/wp\/v2\/media\/1326"}],"wp:attachment":[{"href":"https:\/\/www.regionalis.shop\/kolibri-ds\/wp-json\/wp\/v2\/media?parent=1325"}],"wp:term":[{"taxonomy":"product_brand","embeddable":true,"href":"https:\/\/www.regionalis.shop\/kolibri-ds\/wp-json\/wp\/v2\/product_brand?post=1325"},{"taxonomy":"product_cat","embeddable":true,"href":"https:\/\/www.regionalis.shop\/kolibri-ds\/wp-json\/wp\/v2\/product_cat?post=1325"},{"taxonomy":"product_tag","embeddable":true,"href":"https:\/\/www.regionalis.shop\/kolibri-ds\/wp-json\/wp\/v2\/product_tag?post=1325"}],"curies":[{"name":"wp","href":"https:\/\/api.w.org\/{rel}","templated":true}]}}