{"id":1344,"date":"2025-04-18T07:54:39","date_gmt":"2025-04-18T05:54:39","guid":{"rendered":"https:\/\/www.regionalis.shop\/kolibri-ds\/product\/ring-halloween-kuerbisfeld\/"},"modified":"2025-04-18T07:54:39","modified_gmt":"2025-04-18T05:54:39","slug":"ring-halloween-kuerbisfeld","status":"publish","type":"product","link":"https:\/\/www.regionalis.shop\/kolibri-ds\/shop\/ring-halloween-kuerbisfeld\/","title":{"rendered":"Ring Halloween- K\u00fcrbisfeld"},"content":{"rendered":"<p>Gr\u00f6\u00dfenverstellbarer Ring<br \/>\nGlascabochon<br \/>\nHalloween-Motiv: Katze im K\u00fcrbisfeld oder K\u00fcrbis mit Baum, jedes Motiv gibt es nur 1x<\/p>\n","protected":false},"excerpt":{"rendered":"<p>Gr\u00f6\u00dfenverstellbarer Ring Glascabochon Halloween-Motiv: Katze im K\u00fcrbisfeld oder K\u00fcrbis mit Baum, jedes Motiv gibt es nur 1x<\/p>\n","protected":false},"featured_media":1345,"template":"","meta":{"_acf_changed":false},"product_brand":[],"product_cat":[165,70],"product_tag":[],"class_list":{"0":"post-1344","1":"product","2":"type-product","3":"status-publish","4":"has-post-thumbnail","6":"product_cat-ringe","7":"product_cat-schmuck","9":"first","10":"instock","11":"purchasable","12":"product-type-simple"},"acf":[],"_links":{"self":[{"href":"https:\/\/www.regionalis.shop\/kolibri-ds\/wp-json\/wp\/v2\/product\/1344","targetHints":{"allow":["GET"]}}],"collection":[{"href":"https:\/\/www.regionalis.shop\/kolibri-ds\/wp-json\/wp\/v2\/product"}],"about":[{"href":"https:\/\/www.regionalis.shop\/kolibri-ds\/wp-json\/wp\/v2\/types\/product"}],"wp:featuredmedia":[{"embeddable":true,"href":"https:\/\/www.regionalis.shop\/kolibri-ds\/wp-json\/wp\/v2\/media\/1345"}],"wp:attachment":[{"href":"https:\/\/www.regionalis.shop\/kolibri-ds\/wp-json\/wp\/v2\/media?parent=1344"}],"wp:term":[{"taxonomy":"product_brand","embeddable":true,"href":"https:\/\/www.regionalis.shop\/kolibri-ds\/wp-json\/wp\/v2\/product_brand?post=1344"},{"taxonomy":"product_cat","embeddable":true,"href":"https:\/\/www.regionalis.shop\/kolibri-ds\/wp-json\/wp\/v2\/product_cat?post=1344"},{"taxonomy":"product_tag","embeddable":true,"href":"https:\/\/www.regionalis.shop\/kolibri-ds\/wp-json\/wp\/v2\/product_tag?post=1344"}],"curies":[{"name":"wp","href":"https:\/\/api.w.org\/{rel}","templated":true}]}}