{"id":1389,"date":"2025-04-18T07:52:06","date_gmt":"2025-04-18T05:52:06","guid":{"rendered":"https:\/\/www.regionalis.shop\/kolibri-ds\/product\/ohrringe-faecher-resin\/"},"modified":"2025-04-18T07:52:06","modified_gmt":"2025-04-18T05:52:06","slug":"ohrringe-faecher-resin","status":"publish","type":"product","link":"https:\/\/www.regionalis.shop\/kolibri-ds\/shop\/ohrringe-faecher-resin\/","title":{"rendered":"Ohrringe F\u00e4cher Resin"},"content":{"rendered":"<p>Resinornament in orientalischer F\u00e4cherform.<br \/>\nDa diese Formen in Handarbeit gefertigt werden, kann es zu Farbabweichungen kommen &#8211; Jedes St\u00fcck ist quasi ein Einzelst\u00fcck<\/p>\n","protected":false},"excerpt":{"rendered":"<p>Resinornament in orientalischer F\u00e4cherform. Da diese Formen in Handarbeit gefertigt werden, kann es zu Farbabweichungen kommen &#8211; Jedes St\u00fcck ist quasi ein Einzelst\u00fcck<\/p>\n","protected":false},"featured_media":1390,"template":"","meta":{"_acf_changed":false},"product_brand":[],"product_cat":[163,70],"product_tag":[],"class_list":{"0":"post-1389","1":"product","2":"type-product","3":"status-publish","4":"has-post-thumbnail","6":"product_cat-ohrringe","7":"product_cat-schmuck","9":"first","10":"instock","11":"purchasable","12":"product-type-simple"},"acf":[],"_links":{"self":[{"href":"https:\/\/www.regionalis.shop\/kolibri-ds\/wp-json\/wp\/v2\/product\/1389","targetHints":{"allow":["GET"]}}],"collection":[{"href":"https:\/\/www.regionalis.shop\/kolibri-ds\/wp-json\/wp\/v2\/product"}],"about":[{"href":"https:\/\/www.regionalis.shop\/kolibri-ds\/wp-json\/wp\/v2\/types\/product"}],"wp:featuredmedia":[{"embeddable":true,"href":"https:\/\/www.regionalis.shop\/kolibri-ds\/wp-json\/wp\/v2\/media\/1390"}],"wp:attachment":[{"href":"https:\/\/www.regionalis.shop\/kolibri-ds\/wp-json\/wp\/v2\/media?parent=1389"}],"wp:term":[{"taxonomy":"product_brand","embeddable":true,"href":"https:\/\/www.regionalis.shop\/kolibri-ds\/wp-json\/wp\/v2\/product_brand?post=1389"},{"taxonomy":"product_cat","embeddable":true,"href":"https:\/\/www.regionalis.shop\/kolibri-ds\/wp-json\/wp\/v2\/product_cat?post=1389"},{"taxonomy":"product_tag","embeddable":true,"href":"https:\/\/www.regionalis.shop\/kolibri-ds\/wp-json\/wp\/v2\/product_tag?post=1389"}],"curies":[{"name":"wp","href":"https:\/\/api.w.org\/{rel}","templated":true}]}}