{"id":1418,"date":"2025-04-18T07:32:38","date_gmt":"2025-04-18T05:32:38","guid":{"rendered":"https:\/\/www.regionalis.shop\/kolibri-ds\/product\/kannenlampe-orange\/"},"modified":"2025-04-18T07:32:38","modified_gmt":"2025-04-18T05:32:38","slug":"kannenlampe-orange","status":"publish","type":"product","link":"https:\/\/www.regionalis.shop\/kolibri-ds\/shop\/kannenlampe-orange\/","title":{"rendered":"Kannenlampe &#8211; Orange"},"content":{"rendered":"<p>Kannenlampe<br \/>\nNat\u00fcrlich musste dieses wundersch\u00f6ne Teil, aus den sp\u00e4ten 60ern, gerettet werden und erstrahlt nun buchst\u00e4blich in neuem Licht<br \/>\nLeuchtmittel im Preis inbegriffen, Lampenfassung E14<\/p>\n","protected":false},"excerpt":{"rendered":"<p>Kannenlampe Nat\u00fcrlich musste dieses wundersch\u00f6ne Teil, aus den sp\u00e4ten 60ern, gerettet werden und erstrahlt nun buchst\u00e4blich in neuem Licht Leuchtmittel im Preis inbegriffen, Lampenfassung E14<\/p>\n","protected":false},"featured_media":1419,"template":"","meta":{"_acf_changed":false},"product_brand":[],"product_cat":[156,103],"product_tag":[],"class_list":{"0":"post-1418","1":"product","2":"type-product","3":"status-publish","4":"has-post-thumbnail","6":"product_cat-lampen-beleuchtung","7":"product_cat-wohnen-deko","9":"first","10":"instock","11":"purchasable","12":"product-type-simple"},"acf":[],"_links":{"self":[{"href":"https:\/\/www.regionalis.shop\/kolibri-ds\/wp-json\/wp\/v2\/product\/1418","targetHints":{"allow":["GET"]}}],"collection":[{"href":"https:\/\/www.regionalis.shop\/kolibri-ds\/wp-json\/wp\/v2\/product"}],"about":[{"href":"https:\/\/www.regionalis.shop\/kolibri-ds\/wp-json\/wp\/v2\/types\/product"}],"wp:featuredmedia":[{"embeddable":true,"href":"https:\/\/www.regionalis.shop\/kolibri-ds\/wp-json\/wp\/v2\/media\/1419"}],"wp:attachment":[{"href":"https:\/\/www.regionalis.shop\/kolibri-ds\/wp-json\/wp\/v2\/media?parent=1418"}],"wp:term":[{"taxonomy":"product_brand","embeddable":true,"href":"https:\/\/www.regionalis.shop\/kolibri-ds\/wp-json\/wp\/v2\/product_brand?post=1418"},{"taxonomy":"product_cat","embeddable":true,"href":"https:\/\/www.regionalis.shop\/kolibri-ds\/wp-json\/wp\/v2\/product_cat?post=1418"},{"taxonomy":"product_tag","embeddable":true,"href":"https:\/\/www.regionalis.shop\/kolibri-ds\/wp-json\/wp\/v2\/product_tag?post=1418"}],"curies":[{"name":"wp","href":"https:\/\/api.w.org\/{rel}","templated":true}]}}