{"id":1480,"date":"2025-04-18T07:24:33","date_gmt":"2025-04-18T05:24:33","guid":{"rendered":"https:\/\/www.regionalis.shop\/kolibri-ds\/product\/ohrringe-kolibri\/"},"modified":"2025-04-18T07:24:33","modified_gmt":"2025-04-18T05:24:33","slug":"ohrringe-kolibri","status":"publish","type":"product","link":"https:\/\/www.regionalis.shop\/kolibri-ds\/shop\/ohrringe-kolibri\/","title":{"rendered":"Ohrringe- Kolibri"},"content":{"rendered":"<p>Ohrringe &#8211; nickelfrei<br \/>\nKolibri in den Farben Silber und Gold und Ros\u00e9 erh\u00e4ltlich<br \/>\nMan muss nicht Kolibri hei\u00dfen, um Kolibri zu lieben \ud83d\ude09<\/p>\n","protected":false},"excerpt":{"rendered":"<p>Ohrringe &#8211; nickelfrei Kolibri in den Farben Silber und Gold und Ros\u00e9 erh\u00e4ltlich Man muss nicht Kolibri hei\u00dfen, um Kolibri zu lieben \ud83d\ude09<\/p>\n","protected":false},"featured_media":1481,"template":"","meta":{"_acf_changed":false},"product_brand":[],"product_cat":[163,70],"product_tag":[],"class_list":{"0":"post-1480","1":"product","2":"type-product","3":"status-publish","4":"has-post-thumbnail","6":"product_cat-ohrringe","7":"product_cat-schmuck","9":"first","10":"instock","11":"purchasable","12":"product-type-simple"},"acf":[],"_links":{"self":[{"href":"https:\/\/www.regionalis.shop\/kolibri-ds\/wp-json\/wp\/v2\/product\/1480","targetHints":{"allow":["GET"]}}],"collection":[{"href":"https:\/\/www.regionalis.shop\/kolibri-ds\/wp-json\/wp\/v2\/product"}],"about":[{"href":"https:\/\/www.regionalis.shop\/kolibri-ds\/wp-json\/wp\/v2\/types\/product"}],"wp:featuredmedia":[{"embeddable":true,"href":"https:\/\/www.regionalis.shop\/kolibri-ds\/wp-json\/wp\/v2\/media\/1481"}],"wp:attachment":[{"href":"https:\/\/www.regionalis.shop\/kolibri-ds\/wp-json\/wp\/v2\/media?parent=1480"}],"wp:term":[{"taxonomy":"product_brand","embeddable":true,"href":"https:\/\/www.regionalis.shop\/kolibri-ds\/wp-json\/wp\/v2\/product_brand?post=1480"},{"taxonomy":"product_cat","embeddable":true,"href":"https:\/\/www.regionalis.shop\/kolibri-ds\/wp-json\/wp\/v2\/product_cat?post=1480"},{"taxonomy":"product_tag","embeddable":true,"href":"https:\/\/www.regionalis.shop\/kolibri-ds\/wp-json\/wp\/v2\/product_tag?post=1480"}],"curies":[{"name":"wp","href":"https:\/\/api.w.org\/{rel}","templated":true}]}}