{"id":1524,"date":"2025-04-18T07:14:08","date_gmt":"2025-04-18T05:14:08","guid":{"rendered":"https:\/\/www.regionalis.shop\/kolibri-ds\/product\/ring-poker-10\/"},"modified":"2025-04-18T07:14:08","modified_gmt":"2025-04-18T05:14:08","slug":"ring-poker-10","status":"publish","type":"product","link":"https:\/\/www.regionalis.shop\/kolibri-ds\/shop\/ring-poker-10\/","title":{"rendered":"Ring &#8211; Poker &#8211; 10"},"content":{"rendered":"<p>Wer braucht ein Ass im \u00c4rmel, wenn man es am Finger tragen kann, oder eben eine 10?<br \/>\nPokerw\u00fcrfel als Ring upgecycelt<br \/>\nRing ist gr\u00f6\u00dfenverstellbar und nickelfrei<\/p>\n","protected":false},"excerpt":{"rendered":"<p>Wer braucht ein Ass im \u00c4rmel, wenn man es am Finger tragen kann, oder eben eine 10? Pokerw\u00fcrfel als Ring upgecycelt Ring ist gr\u00f6\u00dfenverstellbar und nickelfrei<\/p>\n","protected":false},"featured_media":1525,"template":"","meta":{"_acf_changed":false},"product_brand":[],"product_cat":[165,70],"product_tag":[],"class_list":{"0":"post-1524","1":"product","2":"type-product","3":"status-publish","4":"has-post-thumbnail","6":"product_cat-ringe","7":"product_cat-schmuck","9":"first","10":"instock","11":"purchasable","12":"product-type-simple"},"acf":[],"_links":{"self":[{"href":"https:\/\/www.regionalis.shop\/kolibri-ds\/wp-json\/wp\/v2\/product\/1524","targetHints":{"allow":["GET"]}}],"collection":[{"href":"https:\/\/www.regionalis.shop\/kolibri-ds\/wp-json\/wp\/v2\/product"}],"about":[{"href":"https:\/\/www.regionalis.shop\/kolibri-ds\/wp-json\/wp\/v2\/types\/product"}],"wp:featuredmedia":[{"embeddable":true,"href":"https:\/\/www.regionalis.shop\/kolibri-ds\/wp-json\/wp\/v2\/media\/1525"}],"wp:attachment":[{"href":"https:\/\/www.regionalis.shop\/kolibri-ds\/wp-json\/wp\/v2\/media?parent=1524"}],"wp:term":[{"taxonomy":"product_brand","embeddable":true,"href":"https:\/\/www.regionalis.shop\/kolibri-ds\/wp-json\/wp\/v2\/product_brand?post=1524"},{"taxonomy":"product_cat","embeddable":true,"href":"https:\/\/www.regionalis.shop\/kolibri-ds\/wp-json\/wp\/v2\/product_cat?post=1524"},{"taxonomy":"product_tag","embeddable":true,"href":"https:\/\/www.regionalis.shop\/kolibri-ds\/wp-json\/wp\/v2\/product_tag?post=1524"}],"curies":[{"name":"wp","href":"https:\/\/api.w.org\/{rel}","templated":true}]}}