{"id":1647,"date":"2025-04-18T06:22:52","date_gmt":"2025-04-18T04:22:52","guid":{"rendered":"https:\/\/www.regionalis.shop\/kolibri-ds\/product\/gehaekelte-glasperlenkette-mit-kamee-relief\/"},"modified":"2025-04-18T06:22:52","modified_gmt":"2025-04-18T04:22:52","slug":"gehaekelte-glasperlenkette-mit-kamee-relief","status":"publish","type":"product","link":"https:\/\/www.regionalis.shop\/kolibri-ds\/shop\/gehaekelte-glasperlenkette-mit-kamee-relief\/","title":{"rendered":"Geh\u00e4kelte Glasperlenkette mit Kamee-Relief"},"content":{"rendered":"<p>Glasperlen in 2 verschiedenen St\u00e4rken in Handarbeit geh\u00e4kelt<\/p>\n<p>L\u00e4nge ca. 66cm<\/p>\n<p>Nickelfreier Karabinerverschluss mit Kamee-Relief als Schmuckelement<\/p>\n","protected":false},"excerpt":{"rendered":"<p>Glasperlen in 2 verschiedenen St\u00e4rken in Handarbeit geh\u00e4kelt L\u00e4nge ca. 66cm Nickelfreier Karabinerverschluss mit Kamee-Relief als Schmuckelement<\/p>\n","protected":false},"featured_media":1648,"template":"","meta":{"_acf_changed":false},"product_brand":[],"product_cat":[141,70],"product_tag":[],"class_list":{"0":"post-1647","1":"product","2":"type-product","3":"status-publish","4":"has-post-thumbnail","6":"product_cat-halsketten","7":"product_cat-schmuck","9":"first","10":"instock","11":"purchasable","12":"product-type-simple"},"acf":[],"_links":{"self":[{"href":"https:\/\/www.regionalis.shop\/kolibri-ds\/wp-json\/wp\/v2\/product\/1647","targetHints":{"allow":["GET"]}}],"collection":[{"href":"https:\/\/www.regionalis.shop\/kolibri-ds\/wp-json\/wp\/v2\/product"}],"about":[{"href":"https:\/\/www.regionalis.shop\/kolibri-ds\/wp-json\/wp\/v2\/types\/product"}],"wp:featuredmedia":[{"embeddable":true,"href":"https:\/\/www.regionalis.shop\/kolibri-ds\/wp-json\/wp\/v2\/media\/1648"}],"wp:attachment":[{"href":"https:\/\/www.regionalis.shop\/kolibri-ds\/wp-json\/wp\/v2\/media?parent=1647"}],"wp:term":[{"taxonomy":"product_brand","embeddable":true,"href":"https:\/\/www.regionalis.shop\/kolibri-ds\/wp-json\/wp\/v2\/product_brand?post=1647"},{"taxonomy":"product_cat","embeddable":true,"href":"https:\/\/www.regionalis.shop\/kolibri-ds\/wp-json\/wp\/v2\/product_cat?post=1647"},{"taxonomy":"product_tag","embeddable":true,"href":"https:\/\/www.regionalis.shop\/kolibri-ds\/wp-json\/wp\/v2\/product_tag?post=1647"}],"curies":[{"name":"wp","href":"https:\/\/api.w.org\/{rel}","templated":true}]}}