{"id":1651,"date":"2025-04-18T06:22:16","date_gmt":"2025-04-18T04:22:16","guid":{"rendered":"https:\/\/www.regionalis.shop\/kolibri-ds\/product\/ohrringe-resin-jugenstilbluete\/"},"modified":"2025-04-18T06:22:16","modified_gmt":"2025-04-18T04:22:16","slug":"ohrringe-resin-jugenstilbluete","status":"publish","type":"product","link":"https:\/\/www.regionalis.shop\/kolibri-ds\/shop\/ohrringe-resin-jugenstilbluete\/","title":{"rendered":"Ohrringe &#8211; Resin &#8211; Jugenstilbl\u00fcte"},"content":{"rendered":"<p>Ohrringe mit Resin-Reliefanh\u00e4ngern in Jugendstil-Bl\u00fctenmotiv<br \/>\nAbsolut nicht dezent und doch federleicht<\/p>\n","protected":false},"excerpt":{"rendered":"<p>Ohrringe mit Resin-Reliefanh\u00e4ngern in Jugendstil-Bl\u00fctenmotiv Absolut nicht dezent und doch federleicht<\/p>\n","protected":false},"featured_media":1652,"template":"","meta":{"_acf_changed":false},"product_brand":[],"product_cat":[163,70],"product_tag":[],"class_list":{"0":"post-1651","1":"product","2":"type-product","3":"status-publish","4":"has-post-thumbnail","6":"product_cat-ohrringe","7":"product_cat-schmuck","9":"first","10":"instock","11":"purchasable","12":"product-type-simple"},"acf":[],"_links":{"self":[{"href":"https:\/\/www.regionalis.shop\/kolibri-ds\/wp-json\/wp\/v2\/product\/1651","targetHints":{"allow":["GET"]}}],"collection":[{"href":"https:\/\/www.regionalis.shop\/kolibri-ds\/wp-json\/wp\/v2\/product"}],"about":[{"href":"https:\/\/www.regionalis.shop\/kolibri-ds\/wp-json\/wp\/v2\/types\/product"}],"wp:featuredmedia":[{"embeddable":true,"href":"https:\/\/www.regionalis.shop\/kolibri-ds\/wp-json\/wp\/v2\/media\/1652"}],"wp:attachment":[{"href":"https:\/\/www.regionalis.shop\/kolibri-ds\/wp-json\/wp\/v2\/media?parent=1651"}],"wp:term":[{"taxonomy":"product_brand","embeddable":true,"href":"https:\/\/www.regionalis.shop\/kolibri-ds\/wp-json\/wp\/v2\/product_brand?post=1651"},{"taxonomy":"product_cat","embeddable":true,"href":"https:\/\/www.regionalis.shop\/kolibri-ds\/wp-json\/wp\/v2\/product_cat?post=1651"},{"taxonomy":"product_tag","embeddable":true,"href":"https:\/\/www.regionalis.shop\/kolibri-ds\/wp-json\/wp\/v2\/product_tag?post=1651"}],"curies":[{"name":"wp","href":"https:\/\/api.w.org\/{rel}","templated":true}]}}