{"id":1662,"date":"2025-04-18T06:16:10","date_gmt":"2025-04-18T04:16:10","guid":{"rendered":"https:\/\/www.regionalis.shop\/kolibri-ds\/product\/schluesselanhaenger-pommel\/"},"modified":"2025-04-18T06:16:10","modified_gmt":"2025-04-18T04:16:10","slug":"schluesselanhaenger-pommel","status":"publish","type":"product","link":"https:\/\/www.regionalis.shop\/kolibri-ds\/shop\/schluesselanhaenger-pommel\/","title":{"rendered":"Schl\u00fcsselanh\u00e4nger Pommel"},"content":{"rendered":"<p>Schl\u00fcsselanh\u00e4nger\/Taschenanh\u00e4nger<br \/>\nmit Karabiner und Schl\u00fcsselring<br \/>\nPommel und Quasten<\/p>\n","protected":false},"excerpt":{"rendered":"<p>Schl\u00fcsselanh\u00e4nger\/Taschenanh\u00e4nger mit Karabiner und Schl\u00fcsselring Pommel und Quasten<\/p>\n","protected":false},"featured_media":1663,"template":"","meta":{"_acf_changed":false},"product_brand":[],"product_cat":[37,68],"product_tag":[],"class_list":{"0":"post-1662","1":"product","2":"type-product","3":"status-publish","4":"has-post-thumbnail","6":"product_cat-accessoires","7":"product_cat-schluesselanhaenger","9":"first","10":"instock","11":"purchasable","12":"product-type-simple"},"acf":[],"_links":{"self":[{"href":"https:\/\/www.regionalis.shop\/kolibri-ds\/wp-json\/wp\/v2\/product\/1662","targetHints":{"allow":["GET"]}}],"collection":[{"href":"https:\/\/www.regionalis.shop\/kolibri-ds\/wp-json\/wp\/v2\/product"}],"about":[{"href":"https:\/\/www.regionalis.shop\/kolibri-ds\/wp-json\/wp\/v2\/types\/product"}],"wp:featuredmedia":[{"embeddable":true,"href":"https:\/\/www.regionalis.shop\/kolibri-ds\/wp-json\/wp\/v2\/media\/1663"}],"wp:attachment":[{"href":"https:\/\/www.regionalis.shop\/kolibri-ds\/wp-json\/wp\/v2\/media?parent=1662"}],"wp:term":[{"taxonomy":"product_brand","embeddable":true,"href":"https:\/\/www.regionalis.shop\/kolibri-ds\/wp-json\/wp\/v2\/product_brand?post=1662"},{"taxonomy":"product_cat","embeddable":true,"href":"https:\/\/www.regionalis.shop\/kolibri-ds\/wp-json\/wp\/v2\/product_cat?post=1662"},{"taxonomy":"product_tag","embeddable":true,"href":"https:\/\/www.regionalis.shop\/kolibri-ds\/wp-json\/wp\/v2\/product_tag?post=1662"}],"curies":[{"name":"wp","href":"https:\/\/api.w.org\/{rel}","templated":true}]}}