{"id":1714,"date":"2025-04-18T05:49:55","date_gmt":"2025-04-18T03:49:55","guid":{"rendered":"https:\/\/www.regionalis.shop\/kolibri-ds\/product\/flaschenlampe-tribute-gin\/"},"modified":"2026-01-16T12:39:37","modified_gmt":"2026-01-16T11:39:37","slug":"flaschenlampe-tribute-gin","status":"publish","type":"product","link":"https:\/\/www.regionalis.shop\/kolibri-ds\/shop\/flaschenlampe-tribute-gin\/","title":{"rendered":"Flaschenlampe &#8211; Tribute Gin"},"content":{"rendered":"<p>Wundersch\u00f6ne Flasche, zu schade f\u00fcr den M\u00fcll!<br \/>\nUpcycling- in seiner eindeutigsten Form<br \/>\nFlasche leer &#8211; Lampe gemacht<br \/>\nNat\u00fcrlich arbeite ich hier auch sehr gerne mit beigesellten Flaschen f\u00fcr die ganz pers\u00f6nliche Lampe<br \/>\nLED-Leuchtmittel im Preis inbegriffen, Fassung E14<\/p>\n","protected":false},"excerpt":{"rendered":"<p>Wundersch\u00f6ne Flasche, zu schade f\u00fcr den M\u00fcll! Upcycling- in seiner eindeutigsten Form Flasche leer &#8211; Lampe gemacht Nat\u00fcrlich arbeite ich hier auch sehr gerne mit beigesellten Flaschen f\u00fcr die ganz pers\u00f6nliche Lampe LED-Leuchtmittel im Preis inbegriffen, Fassung E14<\/p>\n","protected":false},"featured_media":1715,"template":"","meta":{"_acf_changed":false},"product_brand":[],"product_cat":[156,103],"product_tag":[],"class_list":{"0":"post-1714","1":"product","2":"type-product","3":"status-publish","4":"has-post-thumbnail","6":"product_cat-lampen-beleuchtung","7":"product_cat-wohnen-deko","9":"first","10":"instock","11":"purchasable","12":"product-type-simple"},"acf":[],"_links":{"self":[{"href":"https:\/\/www.regionalis.shop\/kolibri-ds\/wp-json\/wp\/v2\/product\/1714","targetHints":{"allow":["GET"]}}],"collection":[{"href":"https:\/\/www.regionalis.shop\/kolibri-ds\/wp-json\/wp\/v2\/product"}],"about":[{"href":"https:\/\/www.regionalis.shop\/kolibri-ds\/wp-json\/wp\/v2\/types\/product"}],"wp:featuredmedia":[{"embeddable":true,"href":"https:\/\/www.regionalis.shop\/kolibri-ds\/wp-json\/wp\/v2\/media\/1715"}],"wp:attachment":[{"href":"https:\/\/www.regionalis.shop\/kolibri-ds\/wp-json\/wp\/v2\/media?parent=1714"}],"wp:term":[{"taxonomy":"product_brand","embeddable":true,"href":"https:\/\/www.regionalis.shop\/kolibri-ds\/wp-json\/wp\/v2\/product_brand?post=1714"},{"taxonomy":"product_cat","embeddable":true,"href":"https:\/\/www.regionalis.shop\/kolibri-ds\/wp-json\/wp\/v2\/product_cat?post=1714"},{"taxonomy":"product_tag","embeddable":true,"href":"https:\/\/www.regionalis.shop\/kolibri-ds\/wp-json\/wp\/v2\/product_tag?post=1714"}],"curies":[{"name":"wp","href":"https:\/\/api.w.org\/{rel}","templated":true}]}}