{"id":1831,"date":"2025-04-18T05:31:57","date_gmt":"2025-04-18T03:31:57","guid":{"rendered":"https:\/\/www.regionalis.shop\/kolibri-ds\/product\/ring-ziffernblatt-leuchtturm\/"},"modified":"2025-04-18T05:31:57","modified_gmt":"2025-04-18T03:31:57","slug":"ring-ziffernblatt-leuchtturm","status":"publish","type":"product","link":"https:\/\/www.regionalis.shop\/kolibri-ds\/shop\/ring-ziffernblatt-leuchtturm\/","title":{"rendered":"Ring &#8211; Ziffernblatt Leuchtturm"},"content":{"rendered":"<p>Gr\u00f6\u00dfenverstellbarer Ring &#8211; nickelfrei<br \/>\nGlascabochon mit Ziffernblatt in Blaut\u00f6nen mit Leuchtturm<\/p>\n","protected":false},"excerpt":{"rendered":"<p>Gr\u00f6\u00dfenverstellbarer Ring &#8211; nickelfrei Glascabochon mit Ziffernblatt in Blaut\u00f6nen mit Leuchtturm<\/p>\n","protected":false},"featured_media":1832,"template":"","meta":{"_acf_changed":false},"product_brand":[],"product_cat":[165,70],"product_tag":[],"class_list":{"0":"post-1831","1":"product","2":"type-product","3":"status-publish","4":"has-post-thumbnail","6":"product_cat-ringe","7":"product_cat-schmuck","9":"first","10":"instock","11":"purchasable","12":"product-type-simple"},"acf":[],"_links":{"self":[{"href":"https:\/\/www.regionalis.shop\/kolibri-ds\/wp-json\/wp\/v2\/product\/1831","targetHints":{"allow":["GET"]}}],"collection":[{"href":"https:\/\/www.regionalis.shop\/kolibri-ds\/wp-json\/wp\/v2\/product"}],"about":[{"href":"https:\/\/www.regionalis.shop\/kolibri-ds\/wp-json\/wp\/v2\/types\/product"}],"wp:featuredmedia":[{"embeddable":true,"href":"https:\/\/www.regionalis.shop\/kolibri-ds\/wp-json\/wp\/v2\/media\/1832"}],"wp:attachment":[{"href":"https:\/\/www.regionalis.shop\/kolibri-ds\/wp-json\/wp\/v2\/media?parent=1831"}],"wp:term":[{"taxonomy":"product_brand","embeddable":true,"href":"https:\/\/www.regionalis.shop\/kolibri-ds\/wp-json\/wp\/v2\/product_brand?post=1831"},{"taxonomy":"product_cat","embeddable":true,"href":"https:\/\/www.regionalis.shop\/kolibri-ds\/wp-json\/wp\/v2\/product_cat?post=1831"},{"taxonomy":"product_tag","embeddable":true,"href":"https:\/\/www.regionalis.shop\/kolibri-ds\/wp-json\/wp\/v2\/product_tag?post=1831"}],"curies":[{"name":"wp","href":"https:\/\/api.w.org\/{rel}","templated":true}]}}