{"id":1837,"date":"2025-04-18T05:31:31","date_gmt":"2025-04-18T03:31:31","guid":{"rendered":"https:\/\/www.regionalis.shop\/kolibri-ds\/product\/ring-dreimaster\/"},"modified":"2025-04-18T05:31:31","modified_gmt":"2025-04-18T03:31:31","slug":"ring-dreimaster","status":"publish","type":"product","link":"https:\/\/www.regionalis.shop\/kolibri-ds\/shop\/ring-dreimaster\/","title":{"rendered":"Ring Dreimaster"},"content":{"rendered":"<p>Glascabochon mit Blauem Dreimaster Schiff auf wei\u00dfem Grund<br \/>\nRing gr\u00f6\u00dfenverstellbar, nickelfrei<\/p>\n","protected":false},"excerpt":{"rendered":"<p>Glascabochon mit Blauem Dreimaster Schiff auf wei\u00dfem Grund Ring gr\u00f6\u00dfenverstellbar, nickelfrei<\/p>\n","protected":false},"featured_media":1838,"template":"","meta":{"_acf_changed":false},"product_brand":[],"product_cat":[165,70],"product_tag":[],"class_list":{"0":"post-1837","1":"product","2":"type-product","3":"status-publish","4":"has-post-thumbnail","6":"product_cat-ringe","7":"product_cat-schmuck","9":"first","10":"instock","11":"purchasable","12":"product-type-simple"},"acf":[],"_links":{"self":[{"href":"https:\/\/www.regionalis.shop\/kolibri-ds\/wp-json\/wp\/v2\/product\/1837","targetHints":{"allow":["GET"]}}],"collection":[{"href":"https:\/\/www.regionalis.shop\/kolibri-ds\/wp-json\/wp\/v2\/product"}],"about":[{"href":"https:\/\/www.regionalis.shop\/kolibri-ds\/wp-json\/wp\/v2\/types\/product"}],"wp:featuredmedia":[{"embeddable":true,"href":"https:\/\/www.regionalis.shop\/kolibri-ds\/wp-json\/wp\/v2\/media\/1838"}],"wp:attachment":[{"href":"https:\/\/www.regionalis.shop\/kolibri-ds\/wp-json\/wp\/v2\/media?parent=1837"}],"wp:term":[{"taxonomy":"product_brand","embeddable":true,"href":"https:\/\/www.regionalis.shop\/kolibri-ds\/wp-json\/wp\/v2\/product_brand?post=1837"},{"taxonomy":"product_cat","embeddable":true,"href":"https:\/\/www.regionalis.shop\/kolibri-ds\/wp-json\/wp\/v2\/product_cat?post=1837"},{"taxonomy":"product_tag","embeddable":true,"href":"https:\/\/www.regionalis.shop\/kolibri-ds\/wp-json\/wp\/v2\/product_tag?post=1837"}],"curies":[{"name":"wp","href":"https:\/\/api.w.org\/{rel}","templated":true}]}}